{"id":1049,"date":"2023-07-10T09:52:50","date_gmt":"2023-07-10T07:52:50","guid":{"rendered":"https:\/\/satori.ch\/notre-savoir-faire\/"},"modified":"2024-02-06T11:23:21","modified_gmt":"2024-02-06T10:23:21","slug":"nuestra-experiencia","status":"publish","type":"page","link":"https:\/\/satori.ch\/es\/nuestra-experiencia\/","title":{"rendered":"Nuestra experiencia"},"content":{"rendered":"<div class=\"wpb-content-wrapper\"><p>[vc_row el_id=\u00bbexperiencia\u00bb][vc_column][vc_row_inner][vc_column_inner width=\u00bb2\/12&#8243;][\/vc_column_inner][vc_column_inner width=\u00bb8\/12&#8243;][vc_column_text]<\/p>\n<h1 style=\"text-align: center;\">Nuestra experiencia<\/h1>\n<h4 style=\"text-align: center;\">Una experiencia gastron\u00f3mica para todos<\/h4>\n<p>[\/vc_column_text][\/vc_column_inner][vc_column_inner width=\u00bb2\/12&#8243;][\/vc_column_inner][\/vc_row_inner][vc_row_inner equal_height=\u00bbyes\u00bb el_class=\u00bbgroupe-images\u00bb][vc_column_inner width=\u00bb1\/12&#8243;][\/vc_column_inner][vc_column_inner width=\u00bb3\/12&#8243;][vc_single_image image=\u00bb90&#8243; img_size=\u00bbfull\u00bb][\/vc_column_inner][vc_column_inner width=\u00bb4\/12&#8243;][vc_single_image image=\u00bb91&#8243; img_size=\u00bbfull\u00bb][\/vc_column_inner][vc_column_inner width=\u00bb3\/12&#8243;][vc_single_image image=\u00bb92&#8243; img_size=\u00bbfull\u00bb][\/vc_column_inner][vc_column_inner width=\u00bb1\/12&#8243;][\/vc_column_inner][\/vc_row_inner][\/vc_column][\/vc_row][vc_row][vc_column][vc_row_inner][vc_column_inner width=\u00bb2\/12&#8243;][\/vc_column_inner][vc_column_inner width=\u00bb8\/12&#8243;][vc_column_text]<\/p>\n<p class=\"red\" style=\"text-align: center;\">El concepto<\/p>\n<p style=\"text-align: center;\">Con el lanzamiento de \u00abFruitissime\u00bb en 1990, Satori S.A. fue la primera empresa europea en ofrecer un concepto de fruta \u00abmadura a la perfecci\u00f3n\u00bb, madurada, seleccionada a mano y protegida en envases individuales.<\/p>\n<p class=\"red\" style=\"text-align: center;\">Un l\u00edder del mercado<\/p>\n<p style=\"text-align: center;\">El \u00e9xito del concepto \u00abFruitissime\u00bb y su condici\u00f3n de l\u00edder en el sector han propiciado un aumento del volumen de producci\u00f3n y la consiguiente industrializaci\u00f3n del proceso.<\/p>\n<p class=\"red\" style=\"text-align: center;\">Instalaciones de vanguardia<\/p>\n<p style=\"text-align: center;\">Satori S.A. ha equipado sus almacenes (en Aclens (CH) y Poeldijk (NL)) con sistemas de maduraci\u00f3n de \u00faltima generaci\u00f3n. Estas instalaciones gestionan el proceso de maduraci\u00f3n de aguacates, mangos y pl\u00e1tanos peque\u00f1os, controlando la composici\u00f3n de la atm\u00f3sfera, la temperatura de la pulpa de la fruta y la humedad del aire.<\/p>\n<p style=\"text-align: center;\"><strong>Satori S.A. es capaz de suministrar fruta en distintos estados de maduraci\u00f3n y satisfacer as\u00ed los requisitos individuales de los distintos clientes.<\/strong><\/p>\n<p class=\"red\" style=\"text-align: center;\">Nuestro secreto<\/p>\n<p style=\"text-align: center;\">El \u00e9xito del proceso de maduraci\u00f3n depende de varios factores, entre ellos las condiciones de cultivo, recolecci\u00f3n, envasado y transporte de la fruta a Europa. Estas etapas requieren el control de una serie de par\u00e1metros (como la temperatura, la firmeza y la materia seca), todos ellos esenciales para garantizar que el proceso de maduraci\u00f3n se desarrolle lo mejor posible.<\/p>\n<p>[\/vc_column_text][\/vc_column_inner][vc_column_inner width=\u00bb2\/12&#8243;][\/vc_column_inner][\/vc_row_inner][\/vc_column][\/vc_row][vc_row][vc_column][vc_row_inner equal_height=\u00bbyes\u00bb content_placement=\u00bbmiddle\u00bb][vc_column_inner width=\u00bb2\/12&#8243;][\/vc_column_inner][vc_column_inner width=\u00bb8\/12&#8243;][vc_video link=\u00bbhttps:\/\/www.youtube.com\/watch?v=l8bhC3M5Q-g\u00bb][\/vc_column_inner][vc_column_inner width=\u00bb2\/12&#8243;][\/vc_column_inner][\/vc_row_inner][\/vc_column][\/vc_row][vc_row full_width=\u00bbstretch_row\u00bb el_class=\u00bbbanner\u00bb css=\u00bb.vc_custom_1688975871947{background-image: url(https:\/\/satori.ch\/wp-content\/uploads\/2023\/07\/savoir-faire-bandeau-1.jpg?id=99) !important;background-position: center !important;background-repeat: no-repeat !important;background-size: cover !important;}\u00bb][vc_column][\/vc_column][\/vc_row][vc_row el_id=\u00bbexcelencia\u00bb][vc_column][vc_row_inner][vc_column_inner][vc_column_text]<\/p>\n<h4 style=\"text-align: center;\">Una b\u00fasqueda sin fronteras de la excelencia<\/h4>\n<p>[\/vc_column_text][\/vc_column_inner][\/vc_row_inner][vc_row_inner][vc_column_inner width=\u00bb1\/12&#8243;][\/vc_column_inner][vc_column_inner width=\u00bb7\/12&#8243;][vc_column_text]<img loading=\"lazy\" decoding=\"async\" class=\"alignnone wp-image-365 size-full\" src=\"https:\/\/satori.ch\/wp-content\/uploads\/2023\/09\/logo-savoir-faire-300x115_NEW.png\" alt=\"\" width=\"300\" height=\"115\" \/>[\/vc_column_text][\/vc_column_inner][vc_column_inner width=\u00bb3\/12&#8243;][\/vc_column_inner][vc_column_inner width=\u00bb1\/12&#8243;][\/vc_column_inner][\/vc_row_inner][vc_row_inner css=\u00bb.vc_custom_1694789613494{padding-top: 25px !important;}\u00bb][vc_column_inner width=\u00bb1\/12&#8243;][\/vc_column_inner][vc_column_inner width=\u00bb7\/12&#8243;][vc_column_text]Pachamama Farms se compromete plenamente a presentar una selecci\u00f3n inigualable de frutas ex\u00f3ticas de primera calidad, cultivadas meticulosamente en las f\u00e9rtiles tierras de Per\u00fa. Nuestro principal compromiso es garantizar un sabor excepcional, un valor nutricional \u00f3ptimo y un atractivo visual excepcional. Con ello, estamos redefiniendo la creaci\u00f3n natural e influyendo en la narrativa culinaria mundial.<\/p>\n<p class=\"red\" style=\"text-align: left;\">Gama de productos:<br \/>\nla quintaesencia natural para satisfacer a nuestros clientesy<\/p>\n<p>Explore el pin\u00e1culo del esplendor natural con nuestra cuidada selecci\u00f3n de mangos y aguacates. Estos productos son el resultado de pr\u00e1cticas de cultivo superiores, que reflejan la rica tradici\u00f3n agr\u00edcola de Per\u00fa. Pachamama Farms eleva la oferta gastron\u00f3mica a un nuevo nivel de excelencia, garantizando que nuestros productos atraigan a los exigentes paladares de chefs de todo el mundo.[\/vc_column_text][\/vc_column_inner][vc_column_inner width=\u00bb3\/12&#8243;][vc_single_image image=\u00bb1456&#8243; img_size=\u00bbfull\u00bb][\/vc_column_inner][vc_column_inner width=\u00bb1\/12&#8243;][\/vc_column_inner][\/vc_row_inner][vc_row_inner equal_height=\u00bbyes\u00bb content_placement=\u00bbmiddle\u00bb el_class=\u00bbmt-150&#8243;][vc_column_inner width=\u00bb1\/12&#8243;][\/vc_column_inner][vc_column_inner width=\u00bb4\/12&#8243;][vc_single_image image=\u00bb368&#8243; img_size=\u00bbfull\u00bb][\/vc_column_inner][vc_column_inner width=\u00bb5\/12&#8243;][vc_column_text el_class=\u00bbp-little\u00bb]<\/p>\n<p class=\"red\" style=\"text-align: left;\">Los beneficios:<br \/>\nmejorar la oferta de los profesionales de la industria alimentaria<\/p>\n<p>Pachamama Farms ofrece una serie de beneficios a los profesionales de la industria alimentaria:<\/p>\n<ul>\n<li><strong>Perfiles gustativos excepcionales:<\/strong> nuestros productos contienen perfiles de sabor excepcionales, que permiten a los chefs crear experiencias gustativas \u00fanicas para sus clientes.<\/li>\n<li><strong>Beneficios para la salud:<\/strong> Adem\u00e1s de su delicioso sabor, nuestros productos ofrecen un valor nutritivo \u00f3ptimo, satisfaciendo las necesidades de los consumidores preocupados por su salud.<\/li>\n<\/ul>\n<ul>\n<li><strong>Abastecimiento responsable:<\/strong> concedemos gran importancia al abastecimiento responsable, un valor esencial para los profesionales preocupados por el origen y la sostenibilidad de los ingredientes que utilizan.<\/li>\n<\/ul>\n<p>&nbsp;<\/p>\n<p>Al incorporar nuestras ofertas premium a sus men\u00fas y creaciones, los profesionales de la alimentaci\u00f3n pueden mejorar su reputaci\u00f3n, ofrecer experiencias gastron\u00f3micas distintivas y contribuir a un futuro sostenible para la industria alimentaria.[\/vc_column_text][\/vc_column_inner][vc_column_inner width=\u00bb2\/12&#8243;][\/vc_column_inner][\/vc_row_inner][vc_row_inner el_class=\u00bbmt-55 groupe-images\u00bb][vc_column_inner width=\u00bb1\/12&#8243;][\/vc_column_inner][vc_column_inner width=\u00bb3\/12&#8243;][vc_single_image image=\u00bb115&#8243; img_size=\u00bbfull\u00bb][\/vc_column_inner][vc_column_inner width=\u00bb4\/12&#8243;][vc_single_image image=\u00bb116&#8243; img_size=\u00bbfull\u00bb][\/vc_column_inner][vc_column_inner width=\u00bb3\/12&#8243;][vc_single_image image=\u00bb117&#8243; img_size=\u00bbfull\u00bb][\/vc_column_inner][vc_column_inner width=\u00bb1\/12&#8243;][\/vc_column_inner][\/vc_row_inner][\/vc_column][\/vc_row][vc_row full_width=\u00bbstretch_row\u00bb el_class=\u00bbbanner\u00bb css=\u00bb.vc_custom_1688977708490{background-image: url(https:\/\/satori.ch\/wp-content\/uploads\/2023\/07\/savoir-faire-bandeau-2.jpg?id=121) !important;background-position: center !important;background-repeat: no-repeat !important;background-size: cover !important;}\u00bb][vc_column][\/vc_column][\/vc_row][vc_row el_id=\u00bblogistica\u00bb][vc_column][vc_row_inner][vc_column_inner][vc_column_text]<\/p>\n<h4 style=\"text-align: center;\">Log\u00edstica fiable<\/h4>\n<p>[\/vc_column_text][\/vc_column_inner][\/vc_row_inner][vc_row_inner el_class=\u00bbgroupe-images\u00bb][vc_column_inner width=\u00bb1\/12&#8243;][\/vc_column_inner][vc_column_inner width=\u00bb3\/12&#8243;][vc_single_image image=\u00bb123&#8243; img_size=\u00bbfull\u00bb][\/vc_column_inner][vc_column_inner width=\u00bb4\/12&#8243;][vc_single_image image=\u00bb124&#8243; img_size=\u00bbfull\u00bb][\/vc_column_inner][vc_column_inner width=\u00bb3\/12&#8243;][vc_single_image image=\u00bb125&#8243; img_size=\u00bbfull\u00bb][\/vc_column_inner][vc_column_inner width=\u00bb1\/12&#8243;][\/vc_column_inner][\/vc_row_inner][vc_row_inner el_class=\u00bbmt-40&#8243;][vc_column_inner width=\u00bb2\/12&#8243;][\/vc_column_inner][vc_column_inner width=\u00bb7\/12&#8243;][vc_column_text]<\/p>\n<p class=\"red\" style=\"text-align: left;\">Una ubicaci\u00f3n ideal<\/p>\n<p>Idealmente situada a 35 km del puerto de Rotterdam, 529-Logistics es una filial de Satori S.A., creada para recibir y madurar la fruta que llega en contenedor a los puertos del norte de Europa.<\/p>\n<p class=\"red\" style=\"text-align: left;\">Nuestros servicios<\/p>\n<p>529-Logistics ofrece los siguientes servicios a Satori S.A. y a terceros:<\/p>\n<ul>\n<li>Recepci\u00f3n de mercanc\u00edas y control de calidad<\/li>\n<li>Almacenamiento de mercanc\u00edas<\/li>\n<li>Maduraci\u00f3n del mango y el aguacate<\/li>\n<li>Selecci\u00f3n de abogados con la m\u00e1quina AWETA<\/li>\n<li>Envasado conforme a los requisitos y especificaciones del cliente<\/li>\n<li>Env\u00edo y tr\u00e1mites aduaneros<\/li>\n<\/ul>\n<p>[\/vc_column_text][\/vc_column_inner][vc_column_inner width=\u00bb3\/12&#8243;][\/vc_column_inner][\/vc_row_inner][vc_row_inner el_class=\u00bbmt-40&#8243;][vc_column_inner width=\u00bb2\/12&#8243;][\/vc_column_inner][vc_column_inner width=\u00bb7\/12&#8243;][vc_single_image image=\u00bb1511&#8243; el_class=\u00bblogistique-img\u00bb][\/vc_column_inner][vc_column_inner width=\u00bb3\/12&#8243;][\/vc_column_inner][\/vc_row_inner][\/vc_column][\/vc_row]<\/p>\n<\/div>","protected":false},"excerpt":{"rendered":"<p>[vc_row el_id=\u00bbexperiencia\u00bb][vc_column][vc_row_inner][vc_column_inner width=\u00bb2\/12&#8243;][\/vc_column_inner][vc_column_inner width=\u00bb8\/12&#8243;][vc_column_text] Nuestra experiencia Una experiencia gastron\u00f3mica para todos [\/vc_column_text][\/vc_column_inner][vc_column_inner width=\u00bb2\/12&#8243;][\/vc_column_inner][\/vc_row_inner][vc_row_inner equal_height=\u00bbyes\u00bb el_class=\u00bbgroupe-images\u00bb][vc_column_inner width=\u00bb1\/12&#8243;][\/vc_column_inner][vc_column_inner width=\u00bb3\/12&#8243;][vc_single_image image=\u00bb90&#8243; img_size=\u00bbfull\u00bb][\/vc_column_inner][vc_column_inner width=\u00bb4\/12&#8243;][vc_single_image image=\u00bb91&#8243; img_size=\u00bbfull\u00bb][\/vc_column_inner][vc_column_inner width=\u00bb3\/12&#8243;][vc_single_image image=\u00bb92&#8243; img_size=\u00bbfull\u00bb][\/vc_column_inner][vc_column_inner width=\u00bb1\/12&#8243;][\/vc_column_inner][\/vc_row_inner][\/vc_column][\/vc_row][vc_row][vc_column][vc_row_inner][vc_column_inner width=\u00bb2\/12&#8243;][\/vc_column_inner][vc_column_inner width=\u00bb8\/12&#8243;][vc_column_text] El concepto Con el lanzamiento de \u00abFruitissime\u00bb en 1990, Satori S.A. fue la primera empresa europea en ofrecer un concepto de fruta \u00abmadura a la perfecci\u00f3n\u00bb, madurada, [&hellip;]<\/p>\n","protected":false},"author":1,"featured_media":0,"parent":0,"menu_order":3,"comment_status":"closed","ping_status":"closed","template":"","meta":{"inline_featured_image":false,"footnotes":""},"class_list":["post-1049","page","type-page","status-publish","hentry"],"acf":[],"yoast_head":"<!-- This site is optimized with the Yoast SEO plugin v21.9.1 - https:\/\/yoast.com\/wordpress\/plugins\/seo\/ -->\n<title>Nuestra experiencia &#8226; SATORI<\/title>\n<meta name=\"description\" content=\"Nuestra experiencia, nuestra b\u00fasqueda de la excelencia y nuestra log\u00edstica son los principales pilares de nuestro saber hacer internacional.\" \/>\n<meta name=\"robots\" content=\"index, follow, max-snippet:-1, max-image-preview:large, max-video-preview:-1\" \/>\n<link rel=\"canonical\" href=\"https:\/\/satori.ch\/es\/nuestra-experiencia\/\" \/>\n<meta property=\"og:locale\" content=\"es_ES\" \/>\n<meta property=\"og:type\" content=\"article\" \/>\n<meta property=\"og:title\" content=\"Nuestra experiencia &#8226; SATORI\" \/>\n<meta property=\"og:description\" content=\"Nuestra experiencia, nuestra b\u00fasqueda de la excelencia y nuestra log\u00edstica son los principales pilares de nuestro saber hacer internacional.\" \/>\n<meta property=\"og:url\" content=\"https:\/\/satori.ch\/es\/nuestra-experiencia\/\" \/>\n<meta property=\"og:site_name\" content=\"SATORI\" \/>\n<meta property=\"article:modified_time\" content=\"2024-02-06T10:23:21+00:00\" \/>\n<meta property=\"og:image\" content=\"https:\/\/satori.ch\/wp-content\/uploads\/2023\/09\/logo-savoir-faire-300x115_NEW.png\" \/>\n<meta name=\"twitter:card\" content=\"summary_large_image\" \/>\n<meta name=\"twitter:label1\" content=\"Tiempo de lectura\" \/>\n\t<meta name=\"twitter:data1\" content=\"6 minutos\" \/>\n<script type=\"application\/ld+json\" class=\"yoast-schema-graph\">{\"@context\":\"https:\/\/schema.org\",\"@graph\":[{\"@type\":\"WebPage\",\"@id\":\"https:\/\/satori.ch\/es\/nuestra-experiencia\/\",\"url\":\"https:\/\/satori.ch\/es\/nuestra-experiencia\/\",\"name\":\"Nuestra experiencia &#8226; SATORI\",\"isPartOf\":{\"@id\":\"https:\/\/satori.ch\/es\/#website\"},\"datePublished\":\"2023-07-10T07:52:50+00:00\",\"dateModified\":\"2024-02-06T10:23:21+00:00\",\"description\":\"Nuestra experiencia, nuestra b\u00fasqueda de la excelencia y nuestra log\u00edstica son los principales pilares de nuestro saber hacer internacional.\",\"breadcrumb\":{\"@id\":\"https:\/\/satori.ch\/es\/nuestra-experiencia\/#breadcrumb\"},\"inLanguage\":\"es\",\"potentialAction\":[{\"@type\":\"ReadAction\",\"target\":[\"https:\/\/satori.ch\/es\/nuestra-experiencia\/\"]}]},{\"@type\":\"BreadcrumbList\",\"@id\":\"https:\/\/satori.ch\/es\/nuestra-experiencia\/#breadcrumb\",\"itemListElement\":[{\"@type\":\"ListItem\",\"position\":1,\"name\":\"Accueil\",\"item\":\"https:\/\/satori.ch\/es\/\"},{\"@type\":\"ListItem\",\"position\":2,\"name\":\"Nuestra experiencia\"}]},{\"@type\":\"WebSite\",\"@id\":\"https:\/\/satori.ch\/es\/#website\",\"url\":\"https:\/\/satori.ch\/es\/\",\"name\":\"SATORI\",\"description\":\"La culture d&#039;un monde meilleur\",\"publisher\":{\"@id\":\"https:\/\/satori.ch\/es\/#organization\"},\"potentialAction\":[{\"@type\":\"SearchAction\",\"target\":{\"@type\":\"EntryPoint\",\"urlTemplate\":\"https:\/\/satori.ch\/es\/?s={search_term_string}\"},\"query-input\":\"required name=search_term_string\"}],\"inLanguage\":\"es\"},{\"@type\":\"Organization\",\"@id\":\"https:\/\/satori.ch\/es\/#organization\",\"name\":\"SATORI\",\"url\":\"https:\/\/satori.ch\/es\/\",\"logo\":{\"@type\":\"ImageObject\",\"inLanguage\":\"es\",\"@id\":\"https:\/\/satori.ch\/es\/#\/schema\/logo\/image\/\",\"url\":\"https:\/\/satori.ch\/wp-content\/uploads\/2023\/09\/logo-satori.svg\",\"contentUrl\":\"https:\/\/satori.ch\/wp-content\/uploads\/2023\/09\/logo-satori.svg\",\"width\":\"1024\",\"height\":\"1024\",\"caption\":\"SATORI\"},\"image\":{\"@id\":\"https:\/\/satori.ch\/es\/#\/schema\/logo\/image\/\"}}]}<\/script>\n<!-- \/ Yoast SEO plugin. -->","yoast_head_json":{"title":"Nuestra experiencia &#8226; SATORI","description":"Nuestra experiencia, nuestra b\u00fasqueda de la excelencia y nuestra log\u00edstica son los principales pilares de nuestro saber hacer internacional.","robots":{"index":"index","follow":"follow","max-snippet":"max-snippet:-1","max-image-preview":"max-image-preview:large","max-video-preview":"max-video-preview:-1"},"canonical":"https:\/\/satori.ch\/es\/nuestra-experiencia\/","og_locale":"es_ES","og_type":"article","og_title":"Nuestra experiencia &#8226; SATORI","og_description":"Nuestra experiencia, nuestra b\u00fasqueda de la excelencia y nuestra log\u00edstica son los principales pilares de nuestro saber hacer internacional.","og_url":"https:\/\/satori.ch\/es\/nuestra-experiencia\/","og_site_name":"SATORI","article_modified_time":"2024-02-06T10:23:21+00:00","og_image":[{"url":"https:\/\/satori.ch\/wp-content\/uploads\/2023\/09\/logo-savoir-faire-300x115_NEW.png"}],"twitter_card":"summary_large_image","twitter_misc":{"Tiempo de lectura":"6 minutos"},"schema":{"@context":"https:\/\/schema.org","@graph":[{"@type":"WebPage","@id":"https:\/\/satori.ch\/es\/nuestra-experiencia\/","url":"https:\/\/satori.ch\/es\/nuestra-experiencia\/","name":"Nuestra experiencia &#8226; SATORI","isPartOf":{"@id":"https:\/\/satori.ch\/es\/#website"},"datePublished":"2023-07-10T07:52:50+00:00","dateModified":"2024-02-06T10:23:21+00:00","description":"Nuestra experiencia, nuestra b\u00fasqueda de la excelencia y nuestra log\u00edstica son los principales pilares de nuestro saber hacer internacional.","breadcrumb":{"@id":"https:\/\/satori.ch\/es\/nuestra-experiencia\/#breadcrumb"},"inLanguage":"es","potentialAction":[{"@type":"ReadAction","target":["https:\/\/satori.ch\/es\/nuestra-experiencia\/"]}]},{"@type":"BreadcrumbList","@id":"https:\/\/satori.ch\/es\/nuestra-experiencia\/#breadcrumb","itemListElement":[{"@type":"ListItem","position":1,"name":"Accueil","item":"https:\/\/satori.ch\/es\/"},{"@type":"ListItem","position":2,"name":"Nuestra experiencia"}]},{"@type":"WebSite","@id":"https:\/\/satori.ch\/es\/#website","url":"https:\/\/satori.ch\/es\/","name":"SATORI","description":"La culture d&#039;un monde meilleur","publisher":{"@id":"https:\/\/satori.ch\/es\/#organization"},"potentialAction":[{"@type":"SearchAction","target":{"@type":"EntryPoint","urlTemplate":"https:\/\/satori.ch\/es\/?s={search_term_string}"},"query-input":"required name=search_term_string"}],"inLanguage":"es"},{"@type":"Organization","@id":"https:\/\/satori.ch\/es\/#organization","name":"SATORI","url":"https:\/\/satori.ch\/es\/","logo":{"@type":"ImageObject","inLanguage":"es","@id":"https:\/\/satori.ch\/es\/#\/schema\/logo\/image\/","url":"https:\/\/satori.ch\/wp-content\/uploads\/2023\/09\/logo-satori.svg","contentUrl":"https:\/\/satori.ch\/wp-content\/uploads\/2023\/09\/logo-satori.svg","width":"1024","height":"1024","caption":"SATORI"},"image":{"@id":"https:\/\/satori.ch\/es\/#\/schema\/logo\/image\/"}}]}},"_links":{"self":[{"href":"https:\/\/satori.ch\/es\/wp-json\/wp\/v2\/pages\/1049","targetHints":{"allow":["GET"]}}],"collection":[{"href":"https:\/\/satori.ch\/es\/wp-json\/wp\/v2\/pages"}],"about":[{"href":"https:\/\/satori.ch\/es\/wp-json\/wp\/v2\/types\/page"}],"author":[{"embeddable":true,"href":"https:\/\/satori.ch\/es\/wp-json\/wp\/v2\/users\/1"}],"replies":[{"embeddable":true,"href":"https:\/\/satori.ch\/es\/wp-json\/wp\/v2\/comments?post=1049"}],"version-history":[{"count":8,"href":"https:\/\/satori.ch\/es\/wp-json\/wp\/v2\/pages\/1049\/revisions"}],"predecessor-version":[{"id":1538,"href":"https:\/\/satori.ch\/es\/wp-json\/wp\/v2\/pages\/1049\/revisions\/1538"}],"wp:attachment":[{"href":"https:\/\/satori.ch\/es\/wp-json\/wp\/v2\/media?parent=1049"}],"curies":[{"name":"wp","href":"https:\/\/api.w.org\/{rel}","templated":true}]}}