{"id":1043,"date":"2023-07-10T12:00:22","date_gmt":"2023-07-10T10:00:22","guid":{"rendered":"https:\/\/satori.ch\/nos-producteurs\/"},"modified":"2024-11-19T11:23:09","modified_gmt":"2024-11-19T10:23:09","slug":"nuestros-productores","status":"publish","type":"page","link":"https:\/\/satori.ch\/es\/nuestros-productores\/","title":{"rendered":"Nuestros productores"},"content":{"rendered":"<div class=\"wpb-content-wrapper\"><p>[vc_row][vc_column][vc_row_inner][vc_column_inner][vc_column_text]<\/p>\n<h1 style=\"text-align: center;\">Nuestros productores<\/h1>\n<h4 style=\"text-align: center;\">Cultivar un mundo mejor<\/h4>\n<p>[\/vc_column_text][\/vc_column_inner][\/vc_row_inner][vc_row_inner el_class=\u00bbgroupe-images\u00bb][vc_column_inner width=\u00bb1\/12&#8243;][\/vc_column_inner][vc_column_inner width=\u00bb3\/12&#8243;][vc_single_image image=\u00bb140&#8243; img_size=\u00bbfull\u00bb][\/vc_column_inner][vc_column_inner width=\u00bb4\/12&#8243;][vc_single_image image=\u00bb141&#8243; img_size=\u00bbfull\u00bb][\/vc_column_inner][vc_column_inner width=\u00bb3\/12&#8243;][vc_single_image image=\u00bb142&#8243; img_size=\u00bbfull\u00bb][\/vc_column_inner][vc_column_inner width=\u00bb1\/12&#8243;][\/vc_column_inner][\/vc_row_inner][vc_row_inner el_class=\u00bbmt-40&#8243;][vc_column_inner width=\u00bb2\/12&#8243;][\/vc_column_inner][vc_column_inner width=\u00bb8\/12&#8243;][vc_column_text]<\/p>\n<p class=\"red\" style=\"text-align: center;\">Perfectamente maduro<\/p>\n<p style=\"text-align: center;\"><span class=\"--l --r sentence_highlight\">Junto con nuestros cultivadores, hacemos todo lo posible por ofrecer fruta ex\u00f3tica de la m\u00e1xima calidad. <\/span><span class=\"--l --r sentence_highlight\">Los cultivadores siguen un estricto pliego de condiciones para garantizar que la fruta se recolecta en el mejor momento posible. <\/span><span class=\"--l --r sentence_highlight\">Cuando la fruta llega a su destino, se refina delicadamente para que desarrolle su excepcional sabor. <\/span><span class=\"--l --r sentence_highlight\">Antes de salir a la venta, cada fruta se somete a un \u00faltimo control de calidad. <\/span><span class=\"--l sentence_highlight\">Puede disfrutar de la fruta \u00abWISHA\u00bb entre 2 y 5 d\u00edas despu\u00e9s de su compra.<\/span><\/p>\n<p class=\"red\" style=\"text-align: center;\">Cosechar en el momento adecuado<\/p>\n<p style=\"text-align: center;\">Junto con nuestros cultivadores, hacemos todo lo posible por ofrecer fruta ex\u00f3tica de la m\u00e1xima calidad. Los cultivadores siguen un estricto pliego de condiciones para garantizar que la fruta se recolecta en el mejor momento posible. Cuando la fruta llega a su destino, se refina delicadamente para que desarrolle su excepcional sabor. Antes de salir a la venta, cada fruta se somete a un \u00faltimo control de calidad. Podr\u00e1 disfrutar de la fruta \u00abWISHA\u00bb entre 2 y 5 d\u00edas despu\u00e9s de su compra.<\/p>\n<p class=\"red\" style=\"text-align: center;\">Nuestros socios<\/p>\n<p style=\"text-align: center;\">Consideramos a nuestros productores socios clave en nuestra misi\u00f3n de excelencia \u00e9tica. Buscamos construir relaciones basadas en la confianza, el respeto y la colaboraci\u00f3n, para garantizar unas condiciones de trabajo justas, seguras y equitativas. Creemos firmemente que el bienestar de nuestros productores est\u00e1 intr\u00ednsecamente ligado a nuestro \u00e9xito colectivo.<\/p>\n<p class=\"red\" style=\"text-align: center;\">Proveedores apasionados<\/p>\n<p style=\"text-align: center;\">Las frutas ex\u00f3ticas se producen principalmente en la zona comprendida entre el Ecuador y los 40 grados de latitud norte y sur del globo. Los principales pa\u00edses productores de mangos \u00abWISHA\u00bb son Brasil, Senegal, Costa de Marfil, Israel, Espa\u00f1a y Per\u00fa.<\/p>\n<p>[\/vc_column_text][\/vc_column_inner][vc_column_inner width=\u00bb2\/12&#8243;][\/vc_column_inner][\/vc_row_inner][\/vc_column][\/vc_row][vc_row full_width=\u00bbstretch_row\u00bb el_class=\u00bbbanner\u00bb css=\u00bb.vc_custom_1688984197567{background-image: url(https:\/\/satori.ch\/wp-content\/uploads\/2023\/07\/acteurs-bandeau-1.jpg?id=146) !important;background-position: center !important;background-repeat: no-repeat !important;background-size: cover !important;}\u00bb][vc_column][\/vc_column][\/vc_row][vc_row][vc_column][vc_row_inner][vc_column_inner width=\u00bb2\/12&#8243;][\/vc_column_inner][vc_column_inner width=\u00bb8\/12&#8243;][vc_column_text]<\/p>\n<h4 style=\"text-align: center;\">Nuestros productores<\/h4>\n<p style=\"text-align: center;\">En Satori S.A., somos plenamente conscientes de que nuestro compromiso con la \u00e9tica no se limita \u00fanicamente a nuestra organizaci\u00f3n, sino que se extiende a toda nuestra cadena de producci\u00f3n y a nuestros valiosos socios, nuestros productores. Ellos representan la esencia misma de nuestra empresa, y su participaci\u00f3n es crucial para el \u00e9xito de nuestras operaciones.<\/p>\n<p style=\"text-align: center;\">Consideramos a nuestros productores socios clave en nuestra misi\u00f3n de excelencia \u00e9tica. Buscamos construir relaciones basadas en la confianza, el respeto y la colaboraci\u00f3n, para garantizar unas condiciones de trabajo justas, seguras y equitativas. Creemos firmemente que el bienestar de nuestros productores est\u00e1 intr\u00ednsecamente ligado a nuestro \u00e9xito colectivo.<\/p>\n<p style=\"text-align: center;\">La \u00e9tica gu\u00eda nuestras relaciones con los productores en todas las etapas. Estamos comprometidos con las normas \u00e9ticas m\u00e1s estrictas, garantizando que nuestros productores reciban una justa recompensa por su duro trabajo. Trabajamos para promover pr\u00e1cticas de producci\u00f3n sostenibles que respeten el medio ambiente y beneficien a sus comunidades locales.<\/p>\n<p style=\"text-align: center;\">La transparencia es nuestro lema. Creemos que la comunicaci\u00f3n abierta y honesta es esencial para construir relaciones s\u00f3lidas y duraderas con nuestros productores. Nos comprometemos a compartir la informaci\u00f3n pertinente, a escuchar sus preocupaciones y a trabajar juntos para resolver los retos a los que nos enfrentamos.<\/p>\n<p style=\"text-align: center;\">Tambi\u00e9n fomentamos la educaci\u00f3n y el desarrollo profesional de nuestros productores. Invertimos en programas de formaci\u00f3n para mejorar sus habilidades y ayudarles a aumentar su eficiencia y productividad. Creemos en la capacitaci\u00f3n de nuestros productores, anim\u00e1ndoles a participar activamente en las decisiones que afectan a su trabajo y a sus vidas.<\/p>\n<p style=\"text-align: center;\">Cuando surgen dificultades o dilemas \u00e9ticos, nos comprometemos a resolverlos con transparencia y a buscar soluciones justas para todas las partes implicadas, incluidos nuestros productores. Nuestro compromiso con la \u00e9tica no es un eslogan, sino una realidad cotidiana en las relaciones con nuestros productores.<\/p>\n<p style=\"text-align: center;\">En resumen, en Satori S.A., nuestro compromiso con la \u00e9tica trasciende los l\u00edmites de nuestra organizaci\u00f3n y se manifiesta en la relaci\u00f3n con nuestros productores. Juntos, nos esforzamos por crear un ecosistema en el que la \u00e9tica no s\u00f3lo se respete, sino que se celebre, contribuyendo a un futuro mejor para todos.<\/p>\n<p>[\/vc_column_text][\/vc_column_inner][vc_column_inner width=\u00bb2\/12&#8243;][\/vc_column_inner][\/vc_row_inner][vc_row_inner el_class=\u00bbmt-80&#8243; el_id=\u00bbplan\u00bb][vc_column_inner width=\u00bb1\/12&#8243;][\/vc_column_inner][vc_column_inner width=\u00bb10\/12&#8243;][vc_single_image image=\u00bb151&#8243; img_size=\u00bbfull\u00bb onclick=\u00bbimg_link_large\u00bb][\/vc_column_inner][vc_column_inner width=\u00bb1\/12&#8243;][\/vc_column_inner][\/vc_row_inner][\/vc_column][\/vc_row]<\/p>\n<\/div>","protected":false},"excerpt":{"rendered":"<p>[vc_row][vc_column][vc_row_inner][vc_column_inner][vc_column_text] Nuestros productores Cultivar un mundo mejor [\/vc_column_text][\/vc_column_inner][\/vc_row_inner][vc_row_inner el_class=\u00bbgroupe-images\u00bb][vc_column_inner width=\u00bb1\/12&#8243;][\/vc_column_inner][vc_column_inner width=\u00bb3\/12&#8243;][vc_single_image image=\u00bb140&#8243; img_size=\u00bbfull\u00bb][\/vc_column_inner][vc_column_inner width=\u00bb4\/12&#8243;][vc_single_image image=\u00bb141&#8243; img_size=\u00bbfull\u00bb][\/vc_column_inner][vc_column_inner width=\u00bb3\/12&#8243;][vc_single_image image=\u00bb142&#8243; img_size=\u00bbfull\u00bb][\/vc_column_inner][vc_column_inner width=\u00bb1\/12&#8243;][\/vc_column_inner][\/vc_row_inner][vc_row_inner el_class=\u00bbmt-40&#8243;][vc_column_inner width=\u00bb2\/12&#8243;][\/vc_column_inner][vc_column_inner width=\u00bb8\/12&#8243;][vc_column_text] Perfectamente maduro Junto con nuestros cultivadores, hacemos todo lo posible por ofrecer fruta ex\u00f3tica de la m\u00e1xima calidad. Los cultivadores siguen un estricto pliego de condiciones para garantizar que la fruta se [&hellip;]<\/p>\n","protected":false},"author":1,"featured_media":0,"parent":0,"menu_order":4,"comment_status":"closed","ping_status":"closed","template":"","meta":{"inline_featured_image":false,"footnotes":""},"class_list":["post-1043","page","type-page","status-publish","hentry"],"acf":[],"yoast_head":"<!-- This site is optimized with the Yoast SEO plugin v21.9.1 - https:\/\/yoast.com\/wordpress\/plugins\/seo\/ -->\n<title>Nuestros productores &#8226; SATORI<\/title>\n<meta name=\"description\" content=\"Cosechar en el momento adecuado, proveedores apasionados y socios comprometidos son la base de nuestra b\u00fasqueda de la excelencia.\" \/>\n<meta name=\"robots\" content=\"index, follow, max-snippet:-1, max-image-preview:large, max-video-preview:-1\" \/>\n<link rel=\"canonical\" href=\"https:\/\/satori.ch\/es\/nuestros-productores\/\" \/>\n<meta property=\"og:locale\" content=\"es_ES\" \/>\n<meta property=\"og:type\" content=\"article\" \/>\n<meta property=\"og:title\" content=\"Nuestros productores &#8226; SATORI\" \/>\n<meta property=\"og:description\" content=\"Cosechar en el momento adecuado, proveedores apasionados y socios comprometidos son la base de nuestra b\u00fasqueda de la excelencia.\" \/>\n<meta property=\"og:url\" content=\"https:\/\/satori.ch\/es\/nuestros-productores\/\" \/>\n<meta property=\"og:site_name\" content=\"SATORI\" \/>\n<meta property=\"article:modified_time\" content=\"2024-11-19T10:23:09+00:00\" \/>\n<meta property=\"og:image\" content=\"https:\/\/satori.ch\/wp-content\/uploads\/2023\/12\/slider-home-1_NEW.jpg\" \/>\n\t<meta property=\"og:image:width\" content=\"2420\" \/>\n\t<meta property=\"og:image:height\" content=\"1290\" \/>\n\t<meta property=\"og:image:type\" content=\"image\/jpeg\" \/>\n<meta name=\"twitter:card\" content=\"summary_large_image\" \/>\n<meta name=\"twitter:label1\" content=\"Tiempo de lectura\" \/>\n\t<meta name=\"twitter:data1\" content=\"4 minutos\" \/>\n<script type=\"application\/ld+json\" class=\"yoast-schema-graph\">{\"@context\":\"https:\/\/schema.org\",\"@graph\":[{\"@type\":\"WebPage\",\"@id\":\"https:\/\/satori.ch\/es\/nuestros-productores\/\",\"url\":\"https:\/\/satori.ch\/es\/nuestros-productores\/\",\"name\":\"Nuestros productores &#8226; SATORI\",\"isPartOf\":{\"@id\":\"https:\/\/satori.ch\/es\/#website\"},\"datePublished\":\"2023-07-10T10:00:22+00:00\",\"dateModified\":\"2024-11-19T10:23:09+00:00\",\"description\":\"Cosechar en el momento adecuado, proveedores apasionados y socios comprometidos son la base de nuestra b\u00fasqueda de la excelencia.\",\"breadcrumb\":{\"@id\":\"https:\/\/satori.ch\/es\/nuestros-productores\/#breadcrumb\"},\"inLanguage\":\"es\",\"potentialAction\":[{\"@type\":\"ReadAction\",\"target\":[\"https:\/\/satori.ch\/es\/nuestros-productores\/\"]}]},{\"@type\":\"BreadcrumbList\",\"@id\":\"https:\/\/satori.ch\/es\/nuestros-productores\/#breadcrumb\",\"itemListElement\":[{\"@type\":\"ListItem\",\"position\":1,\"name\":\"Accueil\",\"item\":\"https:\/\/satori.ch\/es\/\"},{\"@type\":\"ListItem\",\"position\":2,\"name\":\"Nuestros productores\"}]},{\"@type\":\"WebSite\",\"@id\":\"https:\/\/satori.ch\/es\/#website\",\"url\":\"https:\/\/satori.ch\/es\/\",\"name\":\"SATORI\",\"description\":\"La culture d&#039;un monde meilleur\",\"publisher\":{\"@id\":\"https:\/\/satori.ch\/es\/#organization\"},\"potentialAction\":[{\"@type\":\"SearchAction\",\"target\":{\"@type\":\"EntryPoint\",\"urlTemplate\":\"https:\/\/satori.ch\/es\/?s={search_term_string}\"},\"query-input\":\"required name=search_term_string\"}],\"inLanguage\":\"es\"},{\"@type\":\"Organization\",\"@id\":\"https:\/\/satori.ch\/es\/#organization\",\"name\":\"SATORI\",\"url\":\"https:\/\/satori.ch\/es\/\",\"logo\":{\"@type\":\"ImageObject\",\"inLanguage\":\"es\",\"@id\":\"https:\/\/satori.ch\/es\/#\/schema\/logo\/image\/\",\"url\":\"https:\/\/satori.ch\/wp-content\/uploads\/2023\/09\/logo-satori.svg\",\"contentUrl\":\"https:\/\/satori.ch\/wp-content\/uploads\/2023\/09\/logo-satori.svg\",\"width\":\"1024\",\"height\":\"1024\",\"caption\":\"SATORI\"},\"image\":{\"@id\":\"https:\/\/satori.ch\/es\/#\/schema\/logo\/image\/\"}}]}<\/script>\n<!-- \/ Yoast SEO plugin. -->","yoast_head_json":{"title":"Nuestros productores &#8226; SATORI","description":"Cosechar en el momento adecuado, proveedores apasionados y socios comprometidos son la base de nuestra b\u00fasqueda de la excelencia.","robots":{"index":"index","follow":"follow","max-snippet":"max-snippet:-1","max-image-preview":"max-image-preview:large","max-video-preview":"max-video-preview:-1"},"canonical":"https:\/\/satori.ch\/es\/nuestros-productores\/","og_locale":"es_ES","og_type":"article","og_title":"Nuestros productores &#8226; SATORI","og_description":"Cosechar en el momento adecuado, proveedores apasionados y socios comprometidos son la base de nuestra b\u00fasqueda de la excelencia.","og_url":"https:\/\/satori.ch\/es\/nuestros-productores\/","og_site_name":"SATORI","article_modified_time":"2024-11-19T10:23:09+00:00","og_image":[{"width":2420,"height":1290,"url":"https:\/\/satori.ch\/wp-content\/uploads\/2023\/12\/slider-home-1_NEW.jpg","type":"image\/jpeg"}],"twitter_card":"summary_large_image","twitter_misc":{"Tiempo de lectura":"4 minutos"},"schema":{"@context":"https:\/\/schema.org","@graph":[{"@type":"WebPage","@id":"https:\/\/satori.ch\/es\/nuestros-productores\/","url":"https:\/\/satori.ch\/es\/nuestros-productores\/","name":"Nuestros productores &#8226; SATORI","isPartOf":{"@id":"https:\/\/satori.ch\/es\/#website"},"datePublished":"2023-07-10T10:00:22+00:00","dateModified":"2024-11-19T10:23:09+00:00","description":"Cosechar en el momento adecuado, proveedores apasionados y socios comprometidos son la base de nuestra b\u00fasqueda de la excelencia.","breadcrumb":{"@id":"https:\/\/satori.ch\/es\/nuestros-productores\/#breadcrumb"},"inLanguage":"es","potentialAction":[{"@type":"ReadAction","target":["https:\/\/satori.ch\/es\/nuestros-productores\/"]}]},{"@type":"BreadcrumbList","@id":"https:\/\/satori.ch\/es\/nuestros-productores\/#breadcrumb","itemListElement":[{"@type":"ListItem","position":1,"name":"Accueil","item":"https:\/\/satori.ch\/es\/"},{"@type":"ListItem","position":2,"name":"Nuestros productores"}]},{"@type":"WebSite","@id":"https:\/\/satori.ch\/es\/#website","url":"https:\/\/satori.ch\/es\/","name":"SATORI","description":"La culture d&#039;un monde meilleur","publisher":{"@id":"https:\/\/satori.ch\/es\/#organization"},"potentialAction":[{"@type":"SearchAction","target":{"@type":"EntryPoint","urlTemplate":"https:\/\/satori.ch\/es\/?s={search_term_string}"},"query-input":"required name=search_term_string"}],"inLanguage":"es"},{"@type":"Organization","@id":"https:\/\/satori.ch\/es\/#organization","name":"SATORI","url":"https:\/\/satori.ch\/es\/","logo":{"@type":"ImageObject","inLanguage":"es","@id":"https:\/\/satori.ch\/es\/#\/schema\/logo\/image\/","url":"https:\/\/satori.ch\/wp-content\/uploads\/2023\/09\/logo-satori.svg","contentUrl":"https:\/\/satori.ch\/wp-content\/uploads\/2023\/09\/logo-satori.svg","width":"1024","height":"1024","caption":"SATORI"},"image":{"@id":"https:\/\/satori.ch\/es\/#\/schema\/logo\/image\/"}}]}},"_links":{"self":[{"href":"https:\/\/satori.ch\/es\/wp-json\/wp\/v2\/pages\/1043","targetHints":{"allow":["GET"]}}],"collection":[{"href":"https:\/\/satori.ch\/es\/wp-json\/wp\/v2\/pages"}],"about":[{"href":"https:\/\/satori.ch\/es\/wp-json\/wp\/v2\/types\/page"}],"author":[{"embeddable":true,"href":"https:\/\/satori.ch\/es\/wp-json\/wp\/v2\/users\/1"}],"replies":[{"embeddable":true,"href":"https:\/\/satori.ch\/es\/wp-json\/wp\/v2\/comments?post=1043"}],"version-history":[{"count":6,"href":"https:\/\/satori.ch\/es\/wp-json\/wp\/v2\/pages\/1043\/revisions"}],"predecessor-version":[{"id":1656,"href":"https:\/\/satori.ch\/es\/wp-json\/wp\/v2\/pages\/1043\/revisions\/1656"}],"wp:attachment":[{"href":"https:\/\/satori.ch\/es\/wp-json\/wp\/v2\/media?parent=1043"}],"curies":[{"name":"wp","href":"https:\/\/api.w.org\/{rel}","templated":true}]}}