{"id":1051,"date":"2023-07-10T09:52:50","date_gmt":"2023-07-10T07:52:50","guid":{"rendered":"https:\/\/satori.ch\/notre-savoir-faire\/"},"modified":"2024-02-06T11:22:32","modified_gmt":"2024-02-06T10:22:32","slug":"unser-know-how","status":"publish","type":"page","link":"https:\/\/satori.ch\/de\/unser-know-how\/","title":{"rendered":"Unser Know-how"},"content":{"rendered":"<div class=\"wpb-content-wrapper\"><p>[vc_row el_id=&#8220;fachwissen&#8220;][vc_column][vc_row_inner][vc_column_inner width=&#8220;2\/12&#8243;][\/vc_column_inner][vc_column_inner width=&#8220;8\/12&#8243;][vc_column_text]<\/p>\n<h1 style=\"text-align: center;\">Unser Know-how<\/h1>\n<h4 style=\"text-align: center;\">Ein Gourmet-Erlebnis auf allen Ebenen<\/h4>\n<p>[\/vc_column_text][\/vc_column_inner][vc_column_inner width=&#8220;2\/12&#8243;][\/vc_column_inner][\/vc_row_inner][vc_row_inner equal_height=&#8220;yes&#8220; el_class=&#8220;groupe-images&#8220;][vc_column_inner width=&#8220;1\/12&#8243;][\/vc_column_inner][vc_column_inner width=&#8220;3\/12&#8243;][vc_single_image image=&#8220;90&#8243; img_size=&#8220;full&#8220;][\/vc_column_inner][vc_column_inner width=&#8220;4\/12&#8243;][vc_single_image image=&#8220;91&#8243; img_size=&#8220;full&#8220;][\/vc_column_inner][vc_column_inner width=&#8220;3\/12&#8243;][vc_single_image image=&#8220;92&#8243; img_size=&#8220;full&#8220;][\/vc_column_inner][vc_column_inner width=&#8220;1\/12&#8243;][\/vc_column_inner][\/vc_row_inner][\/vc_column][\/vc_row][vc_row][vc_column][vc_row_inner][vc_column_inner width=&#8220;2\/12&#8243;][\/vc_column_inner][vc_column_inner width=&#8220;8\/12&#8243;][vc_column_text]<\/p>\n<p class=\"red\" style=\"text-align: center;\">Das Konzept<\/p>\n<p style=\"text-align: center;\">Mit der Einf\u00fchrung von &#8222;Fruitissime&#8220; im Jahr 1990 war Satori S.A. das erste europ\u00e4ische Unternehmen, das ein Konzept f\u00fcr &#8222;reifes&#8220; Obst anbot, das veredelt, von Hand ausgew\u00e4hlt und in einer individuellen Verpackung gesch\u00fctzt wurde.<\/p>\n<p class=\"red\" style=\"text-align: center;\">Ein Marktf\u00fchrer<\/p>\n<p style=\"text-align: center;\">Der Erfolg des &#8222;Fruitissime&#8220;-Konzepts sowie der Status des Unternehmens als Marktf\u00fchrer f\u00fchrten zu einem Anstieg des Produktionsvolumens und folglich zu einer Industrialisierung des Prozesses.<\/p>\n<p class=\"red\" style=\"text-align: center;\">Anlagen der neuesten Generation<\/p>\n<p style=\"text-align: center;\">Das Unternehmen Satori S.A. hat seine Lagerh\u00e4user (in Aclens (CH) und Poeldijk (NL)) mit Reifungssystemen der neuesten Generation ausgestattet. Diese Anlagen steuern den Reifungsprozess von Avocados, Mangos und kleinen Bananen, indem sie unter anderem die Zusammensetzung der Atmosph\u00e4re, die Temperatur des Fruchtfleisches und die Luftfeuchtigkeit kontrollieren.<\/p>\n<p style=\"text-align: center;\"><strong>Satori S.A. ist in der Lage, die Fr\u00fcchte in verschiedenen Reifegraden zu liefern und somit die individuellen W\u00fcnsche der verschiedenen Kunden zu erf\u00fcllen.<\/strong><\/p>\n<p class=\"red\" style=\"text-align: center;\">Unser Geheimnis<\/p>\n<p style=\"text-align: center;\">Der Erfolg der Reifung h\u00e4ngt von vielen Faktoren ab: von den Produktionsbedingungen, der Ernte, der Verpackung und dem Transport der Fr\u00fcchte nach Europa. In diesen Phasen m\u00fcssen verschiedene Parameter (z. B. Temperatur, Festigkeit, Trockenmasse) gemessen werden, die f\u00fcr einen optimalen Ablauf des Reifungsprozesses entscheidend sind.<\/p>\n<p>[\/vc_column_text][\/vc_column_inner][vc_column_inner width=&#8220;2\/12&#8243;][\/vc_column_inner][\/vc_row_inner][\/vc_column][\/vc_row][vc_row][vc_column][vc_row_inner equal_height=&#8220;yes&#8220; content_placement=&#8220;middle&#8220;][vc_column_inner width=&#8220;2\/12&#8243;][\/vc_column_inner][vc_column_inner width=&#8220;8\/12&#8243;][vc_video link=&#8220;https:\/\/www.youtube.com\/watch?v=l8bhC3M5Q-g&#8220;][\/vc_column_inner][vc_column_inner width=&#8220;2\/12&#8243;][\/vc_column_inner][\/vc_row_inner][\/vc_column][\/vc_row][vc_row full_width=&#8220;stretch_row&#8220; el_class=&#8220;banner&#8220; css=&#8220;.vc_custom_1688975871947{background-image: url(https:\/\/satori.ch\/wp-content\/uploads\/2023\/07\/savoir-faire-bandeau-1.jpg?id=99) !important;background-position: center !important;background-repeat: no-repeat !important;background-size: cover !important;}&#8220;][vc_column][\/vc_column][\/vc_row][vc_row el_id=&#8220;exzellenz&#8220;][vc_column][vc_row_inner][vc_column_inner][vc_column_text]<\/p>\n<h4 style=\"text-align: center;\">Exzellente Forschung ohne Grenzen<\/h4>\n<p>[\/vc_column_text][\/vc_column_inner][\/vc_row_inner][vc_row_inner][vc_column_inner width=&#8220;1\/12&#8243;][\/vc_column_inner][vc_column_inner width=&#8220;7\/12&#8243;][vc_column_text]<img loading=\"lazy\" decoding=\"async\" class=\"alignnone wp-image-365 size-full\" src=\"https:\/\/satori.ch\/wp-content\/uploads\/2023\/09\/logo-savoir-faire-300x115_NEW.png\" alt=\"\" width=\"300\" height=\"115\" \/>[\/vc_column_text][\/vc_column_inner][vc_column_inner width=&#8220;3\/12&#8243;][\/vc_column_inner][vc_column_inner width=&#8220;1\/12&#8243;][\/vc_column_inner][\/vc_row_inner][vc_row_inner css=&#8220;.vc_custom_1694789613494{padding-top: 25px !important;}&#8220;][vc_column_inner width=&#8220;1\/12&#8243;][\/vc_column_inner][vc_column_inner width=&#8220;7\/12&#8243;][vc_column_text]Pachamama Farms hat sich voll und ganz dazu verpflichtet, eine un\u00fcbertroffene Auswahl an exotischen Premium-Fr\u00fcchten zu pr\u00e4sentieren, die akribisch in den fruchtbaren B\u00f6den Perus angebaut werden. Unsere oberste Verpflichtung ist es, einen au\u00dfergew\u00f6hnlichen Geschmack, einen optimalen N\u00e4hrwert und einen bemerkenswerten visuellen Reiz zu gew\u00e4hrleisten. Auf diese Weise definieren wir die nat\u00fcrliche Kreation neu und beeinflussen die kulinarische Erz\u00e4hlung der Welt.<\/p>\n<p class=\"red\" style=\"text-align: left;\">Unsere Produktpalette:<br \/>\ndie nat\u00fcrliche Quintessenz, um unsere Kunden zufrieden zu stellen<\/p>\n<p>Entdecken Sie den H\u00f6hepunkt der nat\u00fcrlichen Pracht mit unserer sorgf\u00e4ltig ausgew\u00e4hlten Auswahl an Mangos und Avocados. Diese Produkte sind das Ergebnis erstklassiger Anbaumethoden, die die reiche landwirtschaftliche Tradition Perus widerspiegeln. Pachamama Farms hebt das gastronomische Angebot auf einen Gipfel der Exzellenz und sorgt daf\u00fcr, dass unsere Produkte die anspruchsvollen Gaumen von K\u00fcchenchefs auf der ganzen Welt verf\u00fchren.[\/vc_column_text][\/vc_column_inner][vc_column_inner width=&#8220;3\/12&#8243;][vc_single_image image=&#8220;1455&#8243; img_size=&#8220;full&#8220;][\/vc_column_inner][vc_column_inner width=&#8220;1\/12&#8243;][\/vc_column_inner][\/vc_row_inner][vc_row_inner equal_height=&#8220;yes&#8220; content_placement=&#8220;middle&#8220; el_class=&#8220;mt-150&#8243;][vc_column_inner width=&#8220;1\/12&#8243;][\/vc_column_inner][vc_column_inner width=&#8220;4\/12&#8243;][vc_single_image image=&#8220;368&#8243; img_size=&#8220;full&#8220;][\/vc_column_inner][vc_column_inner width=&#8220;5\/12&#8243;][vc_column_text el_class=&#8220;p-little&#8220;]<\/p>\n<p class=\"red\" style=\"text-align: left;\">Vorteile:<br \/>\nAufwertung des Angebots der Lebensmittelindustrie<\/p>\n<p>Pachamama Farms bietet eine Vielzahl von Vorteilen f\u00fcr Lebensmittelunternehmer:<\/p>\n<ul>\n<li><strong>Au\u00dfergew\u00f6hnliche Geschmacksprofile:<\/strong> unsere Produkte enthalten au\u00dfergew\u00f6hnliche Geschmacksprofile, die es K\u00f6chen erm\u00f6glichen, einzigartige Geschmackserlebnisse f\u00fcr ihre Kunden zu schaffen.<\/li>\n<li><strong>Gesundheitliche Vorteile:\u00a0<\/strong>neben ihrem k\u00f6stlichen Geschmack bieten unsere Produkte auch einen optimalen N\u00e4hrwert und erf\u00fcllen damit die Bed\u00fcrfnisse gesundheitsorientierter Verbraucher.<\/li>\n<\/ul>\n<ul>\n<li><strong>Verantwortungsbewusste Beschaffung:<\/strong> wir legen gro\u00dfen Wert auf eine verantwortungsbewusste Beschaffung, ein wesentlicher Wert f\u00fcr Berufst\u00e4tige, die sich um die Herkunft und Nachhaltigkeit der von ihnen verwendeten Inhaltsstoffe sorgen.<\/li>\n<\/ul>\n<p>&nbsp;<\/p>\n<p>Durch die Integration unserer Premiumangebote in ihre Men\u00fcs und Kreationen k\u00f6nnen Lebensmittelprofis ihren Ruf verbessern, unverwechselbare gastronomische Erlebnisse bieten und zu einer nachhaltigen Zukunft f\u00fcr die Lebensmittelindustrie beitragen.[\/vc_column_text][\/vc_column_inner][vc_column_inner width=&#8220;2\/12&#8243;][\/vc_column_inner][\/vc_row_inner][vc_row_inner el_class=&#8220;mt-55 groupe-images&#8220;][vc_column_inner width=&#8220;1\/12&#8243;][\/vc_column_inner][vc_column_inner width=&#8220;3\/12&#8243;][vc_single_image image=&#8220;115&#8243; img_size=&#8220;full&#8220;][\/vc_column_inner][vc_column_inner width=&#8220;4\/12&#8243;][vc_single_image image=&#8220;116&#8243; img_size=&#8220;full&#8220;][\/vc_column_inner][vc_column_inner width=&#8220;3\/12&#8243;][vc_single_image image=&#8220;117&#8243; img_size=&#8220;full&#8220;][\/vc_column_inner][vc_column_inner width=&#8220;1\/12&#8243;][\/vc_column_inner][\/vc_row_inner][\/vc_column][\/vc_row][vc_row full_width=&#8220;stretch_row&#8220; el_class=&#8220;banner&#8220; css=&#8220;.vc_custom_1688977708490{background-image: url(https:\/\/satori.ch\/wp-content\/uploads\/2023\/07\/savoir-faire-bandeau-2.jpg?id=121) !important;background-position: center !important;background-repeat: no-repeat !important;background-size: cover !important;}&#8220;][vc_column][\/vc_column][\/vc_row][vc_row el_id=&#8220;logistik&#8220;][vc_column][vc_row_inner][vc_column_inner][vc_column_text]<\/p>\n<h4 style=\"text-align: center;\">Zuverl\u00e4ssige Logistik<\/h4>\n<p>[\/vc_column_text][\/vc_column_inner][\/vc_row_inner][vc_row_inner el_class=&#8220;groupe-images&#8220;][vc_column_inner width=&#8220;1\/12&#8243;][\/vc_column_inner][vc_column_inner width=&#8220;3\/12&#8243;][vc_single_image image=&#8220;123&#8243; img_size=&#8220;full&#8220;][\/vc_column_inner][vc_column_inner width=&#8220;4\/12&#8243;][vc_single_image image=&#8220;124&#8243; img_size=&#8220;full&#8220;][\/vc_column_inner][vc_column_inner width=&#8220;3\/12&#8243;][vc_single_image image=&#8220;125&#8243; img_size=&#8220;full&#8220;][\/vc_column_inner][vc_column_inner width=&#8220;1\/12&#8243;][\/vc_column_inner][\/vc_row_inner][vc_row_inner el_class=&#8220;mt-40&#8243;][vc_column_inner width=&#8220;2\/12&#8243;][\/vc_column_inner][vc_column_inner width=&#8220;7\/12&#8243;][vc_column_text]<\/p>\n<p class=\"red\" style=\"text-align: left;\">Eine ideale Lage<\/p>\n<p>529-Logistics liegt ideal 35 km vom Rotterdamer Hafen entfernt und ist eine Tochtergesellschaft von Satori N.V., die f\u00fcr die Annahme und Reifung von Obst gegr\u00fcndet wurde, das per Container in den nordeurop\u00e4ischen H\u00e4fen ankommt.<\/p>\n<p class=\"red\" style=\"text-align: left;\">Unsere Dienstleistungen<\/p>\n<p>529-Logistics bietet Satori N.V. und Drittunternehmen die folgenden Dienstleistungen an:<\/p>\n<ul>\n<li>Warenannahme und Qualit\u00e4tskontrolle<\/li>\n<li>Lagerung von Waren<\/li>\n<li>Reifung von Mangos und Avocados<\/li>\n<li>Auswahl der Anw\u00e4lte durch die AWETA-Maschine<\/li>\n<li>Verpackung gem\u00e4\u00df den Anforderungen und Spezifikationen der Kunden<\/li>\n<li>Versand und Zollformalit\u00e4ten<\/li>\n<\/ul>\n<p>[\/vc_column_text][\/vc_column_inner][vc_column_inner width=&#8220;3\/12&#8243;][\/vc_column_inner][\/vc_row_inner][vc_row_inner el_class=&#8220;mt-40&#8243;][vc_column_inner width=&#8220;2\/12&#8243;][\/vc_column_inner][vc_column_inner width=&#8220;7\/12&#8243;][vc_single_image image=&#8220;1510&#8243; el_class=&#8220;logistique-img&#8220;][\/vc_column_inner][vc_column_inner width=&#8220;3\/12&#8243;][\/vc_column_inner][\/vc_row_inner][\/vc_column][\/vc_row]<\/p>\n<\/div>","protected":false},"excerpt":{"rendered":"<p>[vc_row el_id=&#8220;fachwissen&#8220;][vc_column][vc_row_inner][vc_column_inner width=&#8220;2\/12&#8243;][\/vc_column_inner][vc_column_inner width=&#8220;8\/12&#8243;][vc_column_text] Unser Know-how Ein Gourmet-Erlebnis auf allen Ebenen [\/vc_column_text][\/vc_column_inner][vc_column_inner width=&#8220;2\/12&#8243;][\/vc_column_inner][\/vc_row_inner][vc_row_inner equal_height=&#8220;yes&#8220; el_class=&#8220;groupe-images&#8220;][vc_column_inner width=&#8220;1\/12&#8243;][\/vc_column_inner][vc_column_inner width=&#8220;3\/12&#8243;][vc_single_image image=&#8220;90&#8243; img_size=&#8220;full&#8220;][\/vc_column_inner][vc_column_inner width=&#8220;4\/12&#8243;][vc_single_image image=&#8220;91&#8243; img_size=&#8220;full&#8220;][\/vc_column_inner][vc_column_inner width=&#8220;3\/12&#8243;][vc_single_image image=&#8220;92&#8243; img_size=&#8220;full&#8220;][\/vc_column_inner][vc_column_inner width=&#8220;1\/12&#8243;][\/vc_column_inner][\/vc_row_inner][\/vc_column][\/vc_row][vc_row][vc_column][vc_row_inner][vc_column_inner width=&#8220;2\/12&#8243;][\/vc_column_inner][vc_column_inner width=&#8220;8\/12&#8243;][vc_column_text] Das Konzept Mit der Einf\u00fchrung von &#8222;Fruitissime&#8220; im Jahr 1990 war Satori S.A. das erste europ\u00e4ische Unternehmen, das ein Konzept f\u00fcr &#8222;reifes&#8220; Obst anbot, das veredelt, von [&hellip;]<\/p>\n","protected":false},"author":1,"featured_media":0,"parent":0,"menu_order":3,"comment_status":"closed","ping_status":"closed","template":"","meta":{"inline_featured_image":false,"footnotes":""},"class_list":["post-1051","page","type-page","status-publish","hentry"],"acf":[],"yoast_head":"<!-- This site is optimized with the Yoast SEO plugin v21.9.1 - https:\/\/yoast.com\/wordpress\/plugins\/seo\/ -->\n<title>Unser Know-how &#8226; SATORI<\/title>\n<meta name=\"description\" content=\"Unser Fachwissen, unser Streben nach Exzellenz sowie unsere Logistik sind die wichtigsten S\u00e4ulen unseres internationalen Know-hows.\" \/>\n<meta name=\"robots\" content=\"index, follow, max-snippet:-1, max-image-preview:large, max-video-preview:-1\" \/>\n<link rel=\"canonical\" href=\"https:\/\/satori.ch\/de\/unser-know-how\/\" \/>\n<meta property=\"og:locale\" content=\"de_DE\" \/>\n<meta property=\"og:type\" content=\"article\" \/>\n<meta property=\"og:title\" content=\"Unser Know-how &#8226; SATORI\" \/>\n<meta property=\"og:description\" content=\"Unser Fachwissen, unser Streben nach Exzellenz sowie unsere Logistik sind die wichtigsten S\u00e4ulen unseres internationalen Know-hows.\" \/>\n<meta property=\"og:url\" content=\"https:\/\/satori.ch\/de\/unser-know-how\/\" \/>\n<meta property=\"og:site_name\" content=\"SATORI\" \/>\n<meta property=\"article:modified_time\" content=\"2024-02-06T10:22:32+00:00\" \/>\n<meta property=\"og:image\" content=\"https:\/\/satori.ch\/wp-content\/uploads\/2023\/09\/logo-savoir-faire-300x115_NEW.png\" \/>\n<meta name=\"twitter:card\" content=\"summary_large_image\" \/>\n<meta name=\"twitter:label1\" content=\"Gesch\u00e4tzte Lesezeit\" \/>\n\t<meta name=\"twitter:data1\" content=\"5\u00a0Minuten\" \/>\n<script type=\"application\/ld+json\" class=\"yoast-schema-graph\">{\"@context\":\"https:\/\/schema.org\",\"@graph\":[{\"@type\":\"WebPage\",\"@id\":\"https:\/\/satori.ch\/de\/unser-know-how\/\",\"url\":\"https:\/\/satori.ch\/de\/unser-know-how\/\",\"name\":\"Unser Know-how &#8226; SATORI\",\"isPartOf\":{\"@id\":\"https:\/\/satori.ch\/de\/#website\"},\"datePublished\":\"2023-07-10T07:52:50+00:00\",\"dateModified\":\"2024-02-06T10:22:32+00:00\",\"description\":\"Unser Fachwissen, unser Streben nach Exzellenz sowie unsere Logistik sind die wichtigsten S\u00e4ulen unseres internationalen Know-hows.\",\"breadcrumb\":{\"@id\":\"https:\/\/satori.ch\/de\/unser-know-how\/#breadcrumb\"},\"inLanguage\":\"de\",\"potentialAction\":[{\"@type\":\"ReadAction\",\"target\":[\"https:\/\/satori.ch\/de\/unser-know-how\/\"]}]},{\"@type\":\"BreadcrumbList\",\"@id\":\"https:\/\/satori.ch\/de\/unser-know-how\/#breadcrumb\",\"itemListElement\":[{\"@type\":\"ListItem\",\"position\":1,\"name\":\"Accueil\",\"item\":\"https:\/\/satori.ch\/de\/\"},{\"@type\":\"ListItem\",\"position\":2,\"name\":\"Unser Know-how\"}]},{\"@type\":\"WebSite\",\"@id\":\"https:\/\/satori.ch\/de\/#website\",\"url\":\"https:\/\/satori.ch\/de\/\",\"name\":\"SATORI\",\"description\":\"La culture d&#039;un monde meilleur\",\"publisher\":{\"@id\":\"https:\/\/satori.ch\/de\/#organization\"},\"potentialAction\":[{\"@type\":\"SearchAction\",\"target\":{\"@type\":\"EntryPoint\",\"urlTemplate\":\"https:\/\/satori.ch\/de\/?s={search_term_string}\"},\"query-input\":\"required name=search_term_string\"}],\"inLanguage\":\"de\"},{\"@type\":\"Organization\",\"@id\":\"https:\/\/satori.ch\/de\/#organization\",\"name\":\"SATORI\",\"url\":\"https:\/\/satori.ch\/de\/\",\"logo\":{\"@type\":\"ImageObject\",\"inLanguage\":\"de\",\"@id\":\"https:\/\/satori.ch\/de\/#\/schema\/logo\/image\/\",\"url\":\"https:\/\/satori.ch\/wp-content\/uploads\/2023\/09\/logo-satori.svg\",\"contentUrl\":\"https:\/\/satori.ch\/wp-content\/uploads\/2023\/09\/logo-satori.svg\",\"width\":\"1024\",\"height\":\"1024\",\"caption\":\"SATORI\"},\"image\":{\"@id\":\"https:\/\/satori.ch\/de\/#\/schema\/logo\/image\/\"}}]}<\/script>\n<!-- \/ Yoast SEO plugin. -->","yoast_head_json":{"title":"Unser Know-how &#8226; SATORI","description":"Unser Fachwissen, unser Streben nach Exzellenz sowie unsere Logistik sind die wichtigsten S\u00e4ulen unseres internationalen Know-hows.","robots":{"index":"index","follow":"follow","max-snippet":"max-snippet:-1","max-image-preview":"max-image-preview:large","max-video-preview":"max-video-preview:-1"},"canonical":"https:\/\/satori.ch\/de\/unser-know-how\/","og_locale":"de_DE","og_type":"article","og_title":"Unser Know-how &#8226; SATORI","og_description":"Unser Fachwissen, unser Streben nach Exzellenz sowie unsere Logistik sind die wichtigsten S\u00e4ulen unseres internationalen Know-hows.","og_url":"https:\/\/satori.ch\/de\/unser-know-how\/","og_site_name":"SATORI","article_modified_time":"2024-02-06T10:22:32+00:00","og_image":[{"url":"https:\/\/satori.ch\/wp-content\/uploads\/2023\/09\/logo-savoir-faire-300x115_NEW.png"}],"twitter_card":"summary_large_image","twitter_misc":{"Gesch\u00e4tzte Lesezeit":"5\u00a0Minuten"},"schema":{"@context":"https:\/\/schema.org","@graph":[{"@type":"WebPage","@id":"https:\/\/satori.ch\/de\/unser-know-how\/","url":"https:\/\/satori.ch\/de\/unser-know-how\/","name":"Unser Know-how &#8226; SATORI","isPartOf":{"@id":"https:\/\/satori.ch\/de\/#website"},"datePublished":"2023-07-10T07:52:50+00:00","dateModified":"2024-02-06T10:22:32+00:00","description":"Unser Fachwissen, unser Streben nach Exzellenz sowie unsere Logistik sind die wichtigsten S\u00e4ulen unseres internationalen Know-hows.","breadcrumb":{"@id":"https:\/\/satori.ch\/de\/unser-know-how\/#breadcrumb"},"inLanguage":"de","potentialAction":[{"@type":"ReadAction","target":["https:\/\/satori.ch\/de\/unser-know-how\/"]}]},{"@type":"BreadcrumbList","@id":"https:\/\/satori.ch\/de\/unser-know-how\/#breadcrumb","itemListElement":[{"@type":"ListItem","position":1,"name":"Accueil","item":"https:\/\/satori.ch\/de\/"},{"@type":"ListItem","position":2,"name":"Unser Know-how"}]},{"@type":"WebSite","@id":"https:\/\/satori.ch\/de\/#website","url":"https:\/\/satori.ch\/de\/","name":"SATORI","description":"La culture d&#039;un monde meilleur","publisher":{"@id":"https:\/\/satori.ch\/de\/#organization"},"potentialAction":[{"@type":"SearchAction","target":{"@type":"EntryPoint","urlTemplate":"https:\/\/satori.ch\/de\/?s={search_term_string}"},"query-input":"required name=search_term_string"}],"inLanguage":"de"},{"@type":"Organization","@id":"https:\/\/satori.ch\/de\/#organization","name":"SATORI","url":"https:\/\/satori.ch\/de\/","logo":{"@type":"ImageObject","inLanguage":"de","@id":"https:\/\/satori.ch\/de\/#\/schema\/logo\/image\/","url":"https:\/\/satori.ch\/wp-content\/uploads\/2023\/09\/logo-satori.svg","contentUrl":"https:\/\/satori.ch\/wp-content\/uploads\/2023\/09\/logo-satori.svg","width":"1024","height":"1024","caption":"SATORI"},"image":{"@id":"https:\/\/satori.ch\/de\/#\/schema\/logo\/image\/"}}]}},"_links":{"self":[{"href":"https:\/\/satori.ch\/de\/wp-json\/wp\/v2\/pages\/1051","targetHints":{"allow":["GET"]}}],"collection":[{"href":"https:\/\/satori.ch\/de\/wp-json\/wp\/v2\/pages"}],"about":[{"href":"https:\/\/satori.ch\/de\/wp-json\/wp\/v2\/types\/page"}],"author":[{"embeddable":true,"href":"https:\/\/satori.ch\/de\/wp-json\/wp\/v2\/users\/1"}],"replies":[{"embeddable":true,"href":"https:\/\/satori.ch\/de\/wp-json\/wp\/v2\/comments?post=1051"}],"version-history":[{"count":12,"href":"https:\/\/satori.ch\/de\/wp-json\/wp\/v2\/pages\/1051\/revisions"}],"predecessor-version":[{"id":1537,"href":"https:\/\/satori.ch\/de\/wp-json\/wp\/v2\/pages\/1051\/revisions\/1537"}],"wp:attachment":[{"href":"https:\/\/satori.ch\/de\/wp-json\/wp\/v2\/media?parent=1051"}],"curies":[{"name":"wp","href":"https:\/\/api.w.org\/{rel}","templated":true}]}}