{"id":1045,"date":"2023-07-10T12:00:22","date_gmt":"2023-07-10T10:00:22","guid":{"rendered":"https:\/\/satori.ch\/nos-producteurs\/"},"modified":"2024-11-19T11:22:26","modified_gmt":"2024-11-19T10:22:26","slug":"unsere-produzenten","status":"publish","type":"page","link":"https:\/\/satori.ch\/de\/unsere-produzenten\/","title":{"rendered":"Unsere Produzenten"},"content":{"rendered":"<div class=\"wpb-content-wrapper\"><p>[vc_row][vc_column][vc_row_inner][vc_column_inner][vc_column_text]<\/p>\n<h1 style=\"text-align: center;\">Unsere Produzenten<\/h1>\n<h4 style=\"text-align: center;\">Kultur f\u00fcr eine bessere Welt<\/h4>\n<p>[\/vc_column_text][\/vc_column_inner][\/vc_row_inner][vc_row_inner el_class=&#8220;groupe-images&#8220;][vc_column_inner width=&#8220;1\/12&#8243;][\/vc_column_inner][vc_column_inner width=&#8220;3\/12&#8243;][vc_single_image image=&#8220;140&#8243; img_size=&#8220;full&#8220;][\/vc_column_inner][vc_column_inner width=&#8220;4\/12&#8243;][vc_single_image image=&#8220;141&#8243; img_size=&#8220;full&#8220;][\/vc_column_inner][vc_column_inner width=&#8220;3\/12&#8243;][vc_single_image image=&#8220;142&#8243; img_size=&#8220;full&#8220;][\/vc_column_inner][vc_column_inner width=&#8220;1\/12&#8243;][\/vc_column_inner][\/vc_row_inner][vc_row_inner el_class=&#8220;mt-40&#8243;][vc_column_inner width=&#8220;2\/12&#8243;][\/vc_column_inner][vc_column_inner width=&#8220;8\/12&#8243;][vc_column_text]<\/p>\n<p class=\"red\" style=\"text-align: center;\">Auf den Punkt gereift<\/p>\n<p style=\"text-align: center;\"><span class=\"--l --r sentence_highlight\">Ein toller Duft, ein toller Geschmack: Damit exotische Fr\u00fcchte ihr volles Potenzial entfalten k\u00f6nnen, m\u00fcssen sie reif sein. <\/span><span class=\"--l --r sentence_highlight\">Hier macht unsere jahrzehntelange Erfahrung den Unterschied. <\/span><span class=\"--l sentence_highlight\">Die Fr\u00fcchte werden zum optimalen Zeitpunkt geerntet und dann schonend veredelt, damit sie 2 bis 5 Tage nach dem Kauf voll ausgereift genossen werden k\u00f6nnen.<\/span><\/p>\n<p class=\"red\" style=\"text-align: center;\">Eine Ernte zum richtigen Zeitpunkt<\/p>\n<p style=\"text-align: center;\">Gemeinsam mit unseren Erzeugern setzen wir alles daran, exotische Fr\u00fcchte von sehr guter geschmacklicher Qualit\u00e4t anzubieten. Die Erzeuger folgen einem strengen Pflichtenheft, das die Ernte zum besten Zeitpunkt sicherstellt. Wenn die Fr\u00fcchte an ihrem Bestimmungsort ankommen, werden sie behutsam verfeinert, damit sie ihr au\u00dfergew\u00f6hnliches Aroma entwickeln k\u00f6nnen. Bevor sie zum Verkauf angeboten werden, durchl\u00e4uft jede Frucht eine letzte Qualit\u00e4tskontrolle. Sie k\u00f6nnen die &#8222;WISHA&#8220;-Fr\u00fcchte 2 bis 5 Tage nach Ihrem Kauf genie\u00dfen.<\/p>\n<p class=\"red\" style=\"text-align: center;\">Unsere Partner<\/p>\n<p style=\"text-align: center;\">Wir betrachten unsere Produzenten als Schl\u00fcsselpartner in unserer Mission, ethische Spitzenleistungen zu erbringen. Wir streben Beziehungen an, die auf Vertrauen, Respekt und Zusammenarbeit basieren, um faire, sichere und gleichberechtigte Arbeitsbedingungen zu gew\u00e4hrleisten. Wir sind fest davon \u00fcberzeugt, dass das Wohlergehen unserer Produzenten intrinsisch mit unserem gemeinsamen Erfolg verbunden ist.<\/p>\n<p class=\"red\" style=\"text-align: center;\">Leidenschaftliche Lieferanten<\/p>\n<p style=\"text-align: center;\">Die Produktion exotischer Fr\u00fcchte findet haupts\u00e4chlich in dem Gebiet statt, das zwischen dem \u00c4quator und 40 Grad n\u00f6rdlicher und s\u00fcdlicher Breite der Erde liegt. Die Hauptproduktionsl\u00e4nder f\u00fcr &#8222;WISHA&#8220;-Mangos sind Brasilien, Senegal, die Elfenbeink\u00fcste, Israel, Spanien und Peru.<\/p>\n<p>[\/vc_column_text][\/vc_column_inner][vc_column_inner width=&#8220;2\/12&#8243;][\/vc_column_inner][\/vc_row_inner][\/vc_column][\/vc_row][vc_row full_width=&#8220;stretch_row&#8220; el_class=&#8220;banner&#8220; css=&#8220;.vc_custom_1688984197567{background-image: url(https:\/\/satori.ch\/wp-content\/uploads\/2023\/07\/acteurs-bandeau-1.jpg?id=146) !important;background-position: center !important;background-repeat: no-repeat !important;background-size: cover !important;}&#8220;][vc_column][\/vc_column][\/vc_row][vc_row][vc_column][vc_row_inner][vc_column_inner width=&#8220;2\/12&#8243;][\/vc_column_inner][vc_column_inner width=&#8220;8\/12&#8243;][vc_column_text]<\/p>\n<h4 style=\"text-align: center;\">Unsere Produzenten<\/h4>\n<p style=\"text-align: center;\">Wir bei Satori S.A. sind uns sehr bewusst, dass unser Engagement f\u00fcr Ethik nicht nur auf unsere Organisation allein beschr\u00e4nkt ist, sondern sich auch auf unsere gesamte Produktionskette und unsere wertvollen Partner, unsere Produzenten, erstreckt. Sie sind die Essenz unseres Unternehmens, und ihr Engagement ist entscheidend f\u00fcr den Erfolg unserer Betriebe.<\/p>\n<p style=\"text-align: center;\">Wir betrachten unsere Produzenten als Schl\u00fcsselpartner in unserer Mission, ethische Spitzenleistungen zu erbringen. Wir streben Beziehungen an, die auf Vertrauen, Respekt und Zusammenarbeit basieren, um faire, sichere und gleichberechtigte Arbeitsbedingungen zu gew\u00e4hrleisten. Wir sind fest davon \u00fcberzeugt, dass das Wohlergehen unserer Produzenten intrinsisch mit unserem gemeinsamen Erfolg verbunden ist.<\/p>\n<p style=\"text-align: center;\">Ethik leitet unsere Beziehungen zu unseren Produzenten auf jeder Stufe. Wir verpflichten uns, die h\u00f6chsten ethischen Standards einzuhalten und stellen sicher, dass unsere Produzenten f\u00fcr ihre harte Arbeit fair entlohnt werden. Wir arbeiten daran, nachhaltige Praktiken in der Produktion zu f\u00f6rdern, die umweltfreundlich sind und ihren lokalen Gemeinschaften zugutekommen.<\/p>\n<p style=\"text-align: center;\">Transparenz ist unser Schl\u00fcsselwort. Wir glauben, dass eine offene und ehrliche Kommunikation f\u00fcr den Aufbau starker und dauerhafter Beziehungen mit unseren Produzenten unerl\u00e4sslich ist. Wir verpflichten uns, relevante Informationen zu teilen, ihre Bedenken anzuh\u00f6ren und bei der L\u00f6sung von Herausforderungen zusammenzuarbeiten.<\/p>\n<p style=\"text-align: center;\">Wir f\u00f6rdern auch die Bildung und die berufliche Entwicklung unserer Produzenten. Wir investieren in Schulungsprogramme, um ihre F\u00e4higkeiten zu verbessern und ihnen zu helfen, ihre Effizienz und Produktivit\u00e4t zu steigern. Wir glauben an das Empowerment unserer Produzenten und ermutigen sie, sich aktiv an Entscheidungen zu beteiligen, die ihre Arbeit und ihr Leben beeinflussen.<\/p>\n<p style=\"text-align: center;\">Im Falle von Schwierigkeiten oder ethischen Dilemmas sind wir verpflichtet, diese Probleme auf transparente Weise zu l\u00f6sen und nach fairen L\u00f6sungen f\u00fcr alle beteiligten Interessengruppen, einschlie\u00dflich unserer Produzenten, zu suchen. Unser Engagement f\u00fcr Ethik ist kein Slogan, sondern eine t\u00e4glich gelebte Realit\u00e4t in unseren Beziehungen zu unseren Produzenten.<\/p>\n<p style=\"text-align: center;\">Kurz gesagt: Bei Satori S.A. geht unser Engagement f\u00fcr Ethik \u00fcber die Grenzen unserer Organisation hinaus und manifestiert sich in unserer Beziehung zu unseren Produzenten. Gemeinsam streben wir danach, ein \u00d6kosystem zu schaffen, in dem Ethik nicht nur respektiert, sondern auch gefeiert wird, und tragen so zu einer besseren Zukunft f\u00fcr alle bei.<\/p>\n<p>[\/vc_column_text][\/vc_column_inner][vc_column_inner width=&#8220;2\/12&#8243;][\/vc_column_inner][\/vc_row_inner][vc_row_inner el_class=&#8220;mt-80&#8243; el_id=&#8220;plan&#8220;][vc_column_inner width=&#8220;1\/12&#8243;][\/vc_column_inner][vc_column_inner width=&#8220;10\/12&#8243;][vc_single_image image=&#8220;151&#8243; img_size=&#8220;full&#8220; onclick=&#8220;img_link_large&#8220;][\/vc_column_inner][vc_column_inner width=&#8220;1\/12&#8243;][\/vc_column_inner][\/vc_row_inner][\/vc_column][\/vc_row]<\/p>\n<\/div>","protected":false},"excerpt":{"rendered":"<p>[vc_row][vc_column][vc_row_inner][vc_column_inner][vc_column_text] Unsere Produzenten Kultur f\u00fcr eine bessere Welt [\/vc_column_text][\/vc_column_inner][\/vc_row_inner][vc_row_inner el_class=&#8220;groupe-images&#8220;][vc_column_inner width=&#8220;1\/12&#8243;][\/vc_column_inner][vc_column_inner width=&#8220;3\/12&#8243;][vc_single_image image=&#8220;140&#8243; img_size=&#8220;full&#8220;][\/vc_column_inner][vc_column_inner width=&#8220;4\/12&#8243;][vc_single_image image=&#8220;141&#8243; img_size=&#8220;full&#8220;][\/vc_column_inner][vc_column_inner width=&#8220;3\/12&#8243;][vc_single_image image=&#8220;142&#8243; img_size=&#8220;full&#8220;][\/vc_column_inner][vc_column_inner width=&#8220;1\/12&#8243;][\/vc_column_inner][\/vc_row_inner][vc_row_inner el_class=&#8220;mt-40&#8243;][vc_column_inner width=&#8220;2\/12&#8243;][\/vc_column_inner][vc_column_inner width=&#8220;8\/12&#8243;][vc_column_text] Auf den Punkt gereift Ein toller Duft, ein toller Geschmack: Damit exotische Fr\u00fcchte ihr volles Potenzial entfalten k\u00f6nnen, m\u00fcssen sie reif sein. Hier macht unsere jahrzehntelange Erfahrung den Unterschied. Die Fr\u00fcchte [&hellip;]<\/p>\n","protected":false},"author":1,"featured_media":0,"parent":0,"menu_order":4,"comment_status":"closed","ping_status":"closed","template":"","meta":{"inline_featured_image":false,"footnotes":""},"class_list":["post-1045","page","type-page","status-publish","hentry"],"acf":[],"yoast_head":"<!-- This site is optimized with the Yoast SEO plugin v21.9.1 - https:\/\/yoast.com\/wordpress\/plugins\/seo\/ -->\n<title>Unsere Produzenten &#8226; SATORI<\/title>\n<meta name=\"description\" content=\"Eine Ernte zum richtigen Zeitpunkt, leidenschaftliche Lieferanten sowie investierte Partner sind die Grundlage f\u00fcr unser Streben nach Exzellenz.\" \/>\n<meta name=\"robots\" content=\"index, follow, max-snippet:-1, max-image-preview:large, max-video-preview:-1\" \/>\n<link rel=\"canonical\" href=\"https:\/\/satori.ch\/de\/unsere-produzenten\/\" \/>\n<meta property=\"og:locale\" content=\"de_DE\" \/>\n<meta property=\"og:type\" content=\"article\" \/>\n<meta property=\"og:title\" content=\"Unsere Produzenten &#8226; SATORI\" \/>\n<meta property=\"og:description\" content=\"Eine Ernte zum richtigen Zeitpunkt, leidenschaftliche Lieferanten sowie investierte Partner sind die Grundlage f\u00fcr unser Streben nach Exzellenz.\" \/>\n<meta property=\"og:url\" content=\"https:\/\/satori.ch\/de\/unsere-produzenten\/\" \/>\n<meta property=\"og:site_name\" content=\"SATORI\" \/>\n<meta property=\"article:modified_time\" content=\"2024-11-19T10:22:26+00:00\" \/>\n<meta property=\"og:image\" content=\"https:\/\/satori.ch\/wp-content\/uploads\/2023\/12\/slider-home-1_NEW.jpg\" \/>\n\t<meta property=\"og:image:width\" content=\"2420\" \/>\n\t<meta property=\"og:image:height\" content=\"1290\" \/>\n\t<meta property=\"og:image:type\" content=\"image\/jpeg\" \/>\n<meta name=\"twitter:card\" content=\"summary_large_image\" \/>\n<meta name=\"twitter:label1\" content=\"Gesch\u00e4tzte Lesezeit\" \/>\n\t<meta name=\"twitter:data1\" content=\"4\u00a0Minuten\" \/>\n<script type=\"application\/ld+json\" class=\"yoast-schema-graph\">{\"@context\":\"https:\/\/schema.org\",\"@graph\":[{\"@type\":\"WebPage\",\"@id\":\"https:\/\/satori.ch\/de\/unsere-produzenten\/\",\"url\":\"https:\/\/satori.ch\/de\/unsere-produzenten\/\",\"name\":\"Unsere Produzenten &#8226; SATORI\",\"isPartOf\":{\"@id\":\"https:\/\/satori.ch\/de\/#website\"},\"datePublished\":\"2023-07-10T10:00:22+00:00\",\"dateModified\":\"2024-11-19T10:22:26+00:00\",\"description\":\"Eine Ernte zum richtigen Zeitpunkt, leidenschaftliche Lieferanten sowie investierte Partner sind die Grundlage f\u00fcr unser Streben nach Exzellenz.\",\"breadcrumb\":{\"@id\":\"https:\/\/satori.ch\/de\/unsere-produzenten\/#breadcrumb\"},\"inLanguage\":\"de\",\"potentialAction\":[{\"@type\":\"ReadAction\",\"target\":[\"https:\/\/satori.ch\/de\/unsere-produzenten\/\"]}]},{\"@type\":\"BreadcrumbList\",\"@id\":\"https:\/\/satori.ch\/de\/unsere-produzenten\/#breadcrumb\",\"itemListElement\":[{\"@type\":\"ListItem\",\"position\":1,\"name\":\"Accueil\",\"item\":\"https:\/\/satori.ch\/de\/\"},{\"@type\":\"ListItem\",\"position\":2,\"name\":\"Unsere Produzenten\"}]},{\"@type\":\"WebSite\",\"@id\":\"https:\/\/satori.ch\/de\/#website\",\"url\":\"https:\/\/satori.ch\/de\/\",\"name\":\"SATORI\",\"description\":\"La culture d&#039;un monde meilleur\",\"publisher\":{\"@id\":\"https:\/\/satori.ch\/de\/#organization\"},\"potentialAction\":[{\"@type\":\"SearchAction\",\"target\":{\"@type\":\"EntryPoint\",\"urlTemplate\":\"https:\/\/satori.ch\/de\/?s={search_term_string}\"},\"query-input\":\"required name=search_term_string\"}],\"inLanguage\":\"de\"},{\"@type\":\"Organization\",\"@id\":\"https:\/\/satori.ch\/de\/#organization\",\"name\":\"SATORI\",\"url\":\"https:\/\/satori.ch\/de\/\",\"logo\":{\"@type\":\"ImageObject\",\"inLanguage\":\"de\",\"@id\":\"https:\/\/satori.ch\/de\/#\/schema\/logo\/image\/\",\"url\":\"https:\/\/satori.ch\/wp-content\/uploads\/2023\/09\/logo-satori.svg\",\"contentUrl\":\"https:\/\/satori.ch\/wp-content\/uploads\/2023\/09\/logo-satori.svg\",\"width\":\"1024\",\"height\":\"1024\",\"caption\":\"SATORI\"},\"image\":{\"@id\":\"https:\/\/satori.ch\/de\/#\/schema\/logo\/image\/\"}}]}<\/script>\n<!-- \/ Yoast SEO plugin. -->","yoast_head_json":{"title":"Unsere Produzenten &#8226; SATORI","description":"Eine Ernte zum richtigen Zeitpunkt, leidenschaftliche Lieferanten sowie investierte Partner sind die Grundlage f\u00fcr unser Streben nach Exzellenz.","robots":{"index":"index","follow":"follow","max-snippet":"max-snippet:-1","max-image-preview":"max-image-preview:large","max-video-preview":"max-video-preview:-1"},"canonical":"https:\/\/satori.ch\/de\/unsere-produzenten\/","og_locale":"de_DE","og_type":"article","og_title":"Unsere Produzenten &#8226; SATORI","og_description":"Eine Ernte zum richtigen Zeitpunkt, leidenschaftliche Lieferanten sowie investierte Partner sind die Grundlage f\u00fcr unser Streben nach Exzellenz.","og_url":"https:\/\/satori.ch\/de\/unsere-produzenten\/","og_site_name":"SATORI","article_modified_time":"2024-11-19T10:22:26+00:00","og_image":[{"width":2420,"height":1290,"url":"https:\/\/satori.ch\/wp-content\/uploads\/2023\/12\/slider-home-1_NEW.jpg","type":"image\/jpeg"}],"twitter_card":"summary_large_image","twitter_misc":{"Gesch\u00e4tzte Lesezeit":"4\u00a0Minuten"},"schema":{"@context":"https:\/\/schema.org","@graph":[{"@type":"WebPage","@id":"https:\/\/satori.ch\/de\/unsere-produzenten\/","url":"https:\/\/satori.ch\/de\/unsere-produzenten\/","name":"Unsere Produzenten &#8226; SATORI","isPartOf":{"@id":"https:\/\/satori.ch\/de\/#website"},"datePublished":"2023-07-10T10:00:22+00:00","dateModified":"2024-11-19T10:22:26+00:00","description":"Eine Ernte zum richtigen Zeitpunkt, leidenschaftliche Lieferanten sowie investierte Partner sind die Grundlage f\u00fcr unser Streben nach Exzellenz.","breadcrumb":{"@id":"https:\/\/satori.ch\/de\/unsere-produzenten\/#breadcrumb"},"inLanguage":"de","potentialAction":[{"@type":"ReadAction","target":["https:\/\/satori.ch\/de\/unsere-produzenten\/"]}]},{"@type":"BreadcrumbList","@id":"https:\/\/satori.ch\/de\/unsere-produzenten\/#breadcrumb","itemListElement":[{"@type":"ListItem","position":1,"name":"Accueil","item":"https:\/\/satori.ch\/de\/"},{"@type":"ListItem","position":2,"name":"Unsere Produzenten"}]},{"@type":"WebSite","@id":"https:\/\/satori.ch\/de\/#website","url":"https:\/\/satori.ch\/de\/","name":"SATORI","description":"La culture d&#039;un monde meilleur","publisher":{"@id":"https:\/\/satori.ch\/de\/#organization"},"potentialAction":[{"@type":"SearchAction","target":{"@type":"EntryPoint","urlTemplate":"https:\/\/satori.ch\/de\/?s={search_term_string}"},"query-input":"required name=search_term_string"}],"inLanguage":"de"},{"@type":"Organization","@id":"https:\/\/satori.ch\/de\/#organization","name":"SATORI","url":"https:\/\/satori.ch\/de\/","logo":{"@type":"ImageObject","inLanguage":"de","@id":"https:\/\/satori.ch\/de\/#\/schema\/logo\/image\/","url":"https:\/\/satori.ch\/wp-content\/uploads\/2023\/09\/logo-satori.svg","contentUrl":"https:\/\/satori.ch\/wp-content\/uploads\/2023\/09\/logo-satori.svg","width":"1024","height":"1024","caption":"SATORI"},"image":{"@id":"https:\/\/satori.ch\/de\/#\/schema\/logo\/image\/"}}]}},"_links":{"self":[{"href":"https:\/\/satori.ch\/de\/wp-json\/wp\/v2\/pages\/1045","targetHints":{"allow":["GET"]}}],"collection":[{"href":"https:\/\/satori.ch\/de\/wp-json\/wp\/v2\/pages"}],"about":[{"href":"https:\/\/satori.ch\/de\/wp-json\/wp\/v2\/types\/page"}],"author":[{"embeddable":true,"href":"https:\/\/satori.ch\/de\/wp-json\/wp\/v2\/users\/1"}],"replies":[{"embeddable":true,"href":"https:\/\/satori.ch\/de\/wp-json\/wp\/v2\/comments?post=1045"}],"version-history":[{"count":7,"href":"https:\/\/satori.ch\/de\/wp-json\/wp\/v2\/pages\/1045\/revisions"}],"predecessor-version":[{"id":1655,"href":"https:\/\/satori.ch\/de\/wp-json\/wp\/v2\/pages\/1045\/revisions\/1655"}],"wp:attachment":[{"href":"https:\/\/satori.ch\/de\/wp-json\/wp\/v2\/media?parent=1045"}],"curies":[{"name":"wp","href":"https:\/\/api.w.org\/{rel}","templated":true}]}}