{"id":1017,"date":"2023-07-07T11:25:09","date_gmt":"2023-07-07T09:25:09","guid":{"rendered":"https:\/\/satori.ch\/accueil\/"},"modified":"2024-02-06T10:53:20","modified_gmt":"2024-02-06T09:53:20","slug":"startseite","status":"publish","type":"page","link":"https:\/\/satori.ch\/de\/","title":{"rendered":"Startseite"},"content":{"rendered":"<div class=\"wpb-content-wrapper\"><p>[vc_row el_class=&#8220;pt-0&#8243;][vc_column]<div class='slider-slider home'><div class='carousel-cell' style='background-image: url(https:\/\/satori.ch\/wp-content\/uploads\/2023\/12\/slider-home-1_NEW.jpg)'><div><div class='accroche'>Willkommen bei Satori<\/div><div class='titre'>Die Kultur <br \/>einer besseren Welt<\/div><div class='lien'><a href='\/notre-philosophie' class='button'>Mehr erfahren<\/a><\/div><\/div><\/div><div class='carousel-cell' style='background-image: url(https:\/\/satori.ch\/wp-content\/uploads\/2023\/07\/slider-home-2.jpg)'><div><div class='accroche'>Eine Leidenschaft, die uns tr\u00e4gt<\/div><div class='titre'>Entdecken Sie unsere <br \/>Fruchtfamilien<\/div><div class='lien'><a href='\/nos-famille-de-fruits' class='button'>Mehr erfahren<\/a><\/div><\/div><\/div><div class='carousel-cell' style='background-image: url(https:\/\/satori.ch\/wp-content\/uploads\/2023\/07\/slider-home-3.jpg)'><div><div class='accroche'>Ein Gourmet-Erlebnis auf allen Ebenen<\/div><div class='titre'>Das Know-how <br \/>Satori<\/div><div class='lien'><a href='\/notre-savoir-faire' class='button'>Mehr erfahren<\/a><\/div><\/div><\/div><div class='carousel-cell' style='background-image: url(https:\/\/satori.ch\/wp-content\/uploads\/2023\/07\/slider-home-4.jpg)'><div><div class='accroche'>Die Leidenschaft f\u00fcr exotische Fr\u00fcchte<\/div><div class='titre'>Die Produzenten<br \/>von Satori<\/div><div class='lien'><a href='nos-producteurs\/' class='button'>Mehr erfahren<\/a><\/div><\/div><\/div><div class='carousel-cell' style='background-image: url(https:\/\/satori.ch\/wp-content\/uploads\/2023\/07\/slider-home-5.jpg)'><div><div class='lien'><a href='\/nos-producteurs\/\/#plan' class='button'>Mehr erfahren<\/a><\/div><\/div><\/div><\/div>[\/vc_column][\/vc_row][vc_row][vc_column width=&#8220;2\/12&#8243;][\/vc_column][vc_column width=&#8220;8\/12&#8243;][vc_column_text]<\/p>\n<p style=\"text-align: center;\">Die Leidenschaft unserer Produzenten, das Engagement unserer Mitarbeiter, unsere einzigartige Expertise (in der Reifung exotischer Fr\u00fcchte und in der Logistik) und unser Sinn f\u00fcr Planung sind Konstanten, die es uns erm\u00f6glichen, die Bed\u00fcrfnisse unserer Kunden jeden Tag aufs Neue zu erf\u00fcllen und sie mit Obst und Gem\u00fcse von h\u00f6chster Qualit\u00e4t zu versorgen.<\/p>\n<h3 style=\"text-align: center;\">Satori als Marktf\u00fchrer in der Schweiz<\/h3>\n<p style=\"text-align: center;\">Satori S.A. hat seit \u00fcber f\u00fcnfzehn Jahren die f\u00fchrende Position auf dem Schweizer Markt f\u00fcr Mangos, Avocados, Limetten und Papayas inne.<\/p>\n<p>[\/vc_column_text][\/vc_column][vc_column width=&#8220;2\/12&#8243;][\/vc_column][\/vc_row][vc_row full_width=&#8220;stretch_row&#8220; css=&#8220;.vc_custom_1688967588503{background-image: url(https:\/\/satori.ch\/wp-content\/uploads\/2023\/07\/banner-home-1-1.jpg?id=71) !important;background-position: center !important;background-repeat: no-repeat !important;background-size: cover !important;}&#8220; el_class=&#8220;banner&#8220;][vc_column][\/vc_column][\/vc_row][vc_row][vc_column width=&#8220;1\/12&#8243;][\/vc_column][vc_column width=&#8220;10\/12&#8243;][vc_column_text el_class=&#8220;big&#8220;]<\/p>\n<h2 style=\"text-align: center;\">Nr. 1 f\u00fcr Qualit\u00e4t in Europa<\/h2>\n<p style=\"text-align: center;\">In Zusammenarbeit mit ihrer niederl\u00e4ndischen Tochtergesellschaft 529 Logistics (mit Sitz in Poeldijk, NL) zeichnet sich Satori N.V. durch ein besonderes Augenmerk auf die Qualit\u00e4t der Produkte aus. Dank der engen Beziehungen zu ihren Lieferanten und der sorgf\u00e4ltigen Veredelung der Produkte ist die Satori-Gruppe Anbieter und\/oder Partner der qualit\u00e4tsbewusstesten Einzelh\u00e4ndler Europas.<\/p>\n<p>[\/vc_column_text][\/vc_column][vc_column width=&#8220;1\/12&#8243;][\/vc_column][\/vc_row][vc_row full_width=&#8220;stretch_row_content&#8220; css=&#8220;.vc_custom_1697097792680{background-position: center !important;background-repeat: no-repeat !important;background-size: cover !important;}&#8220; el_class=&#8220;banners&#8220;][vc_column]<div class='slider-banner first-banner' style='background-color: #F2871C'><div class='carousel-cell'><img src='https:\/\/satori.ch\/wp-content\/uploads\/2023\/10\/LABEL_leader-en-suisse.png' \/><\/div><div class='carousel-cell'><img src='https:\/\/satori.ch\/wp-content\/uploads\/2023\/10\/LABEL_100-qualite.png' \/><\/div><div class='carousel-cell'><img src='https:\/\/satori.ch\/wp-content\/uploads\/2023\/10\/LABEL_respect-et-passion.png' \/><\/div><div class='carousel-cell'><img src='https:\/\/satori.ch\/wp-content\/uploads\/2023\/10\/LABEL_leader-en-suisse.png' \/><\/div><div class='carousel-cell'><img src='https:\/\/satori.ch\/wp-content\/uploads\/2023\/10\/LABEL_100-qualite.png' \/><\/div><div class='carousel-cell'><img src='https:\/\/satori.ch\/wp-content\/uploads\/2023\/10\/LABEL_respect-et-passion.png' \/><\/div><div class='carousel-cell'><img src='https:\/\/satori.ch\/wp-content\/uploads\/2023\/10\/LABEL_leader-en-suisse.png' \/><\/div><div class='carousel-cell'><img src='https:\/\/satori.ch\/wp-content\/uploads\/2023\/10\/LABEL_100-qualite.png' \/><\/div><div class='carousel-cell'><img src='https:\/\/satori.ch\/wp-content\/uploads\/2023\/10\/LABEL_respect-et-passion.png' \/><\/div><\/div><div class='slider-banner-text' style='background-color: #F29F1F'><div class='carousel-cell'>36 Jahre Erfahrung<\/div><div class='carousel-cell'>36 Jahre Erfahrung<\/div><div class='carousel-cell'>36 Jahre Erfahrung<\/div><div class='carousel-cell'>36 Jahre Erfahrung<\/div><div class='carousel-cell'>36 Jahre Erfahrung<\/div><div class='carousel-cell'>36 Jahre Erfahrung<\/div><div class='carousel-cell'>36 Jahre Erfahrung<\/div><div class='carousel-cell'>36 Jahre Erfahrung<\/div><div class='carousel-cell'>36 Jahre Erfahrung<\/div><div class='carousel-cell'>36 Jahre Erfahrung<\/div><div class='carousel-cell'>36 Jahre Erfahrung<\/div><div class='carousel-cell'>36 Jahre Erfahrung<\/div><div class='carousel-cell'>36 Jahre Erfahrung<\/div><div class='carousel-cell'>36 Jahre Erfahrung<\/div><div class='carousel-cell'>36 Jahre Erfahrung<\/div><div class='carousel-cell'>36 Jahre Erfahrung<\/div><div class='carousel-cell'>36 Jahre Erfahrung<\/div><div class='carousel-cell'>36 Jahre Erfahrung<\/div><div class='carousel-cell'>36 Jahre Erfahrung<\/div><\/div><div class='slider-banner second-banner' style='background-color: #F2B723'><div class='carousel-cell'><img src='https:\/\/satori.ch\/wp-content\/uploads\/2023\/10\/LABEL_fairtrade.png' \/><\/div><div class='carousel-cell'><img src='https:\/\/satori.ch\/wp-content\/uploads\/2023\/10\/LABEL_ab.png' \/><\/div><div class='carousel-cell'><img src='https:\/\/satori.ch\/wp-content\/uploads\/2023\/10\/LABEL_fairtrade.png' \/><\/div><div class='carousel-cell'><img src='https:\/\/satori.ch\/wp-content\/uploads\/2023\/10\/LABEL_ab.png' \/><\/div><div class='carousel-cell'><img src='https:\/\/satori.ch\/wp-content\/uploads\/2023\/10\/LABEL_fairtrade.png' \/><\/div><div class='carousel-cell'><img src='https:\/\/satori.ch\/wp-content\/uploads\/2023\/10\/LABEL_ab.png' \/><\/div><div class='carousel-cell'><img src='https:\/\/satori.ch\/wp-content\/uploads\/2023\/10\/LABEL_fairtrade.png' \/><\/div><div class='carousel-cell'><img src='https:\/\/satori.ch\/wp-content\/uploads\/2023\/10\/LABEL_ab.png' \/><\/div><\/div>[\/vc_column][\/vc_row][vc_row][vc_column][vc_row_inner][vc_column_inner][vc_column_text]<\/p>\n<h4 style=\"text-align: center;\">Wie unsere Fr\u00fcchte haben wir viele gute Eigenschaften<\/h4>\n<p>[\/vc_column_text][\/vc_column_inner][\/vc_row_inner][vc_row_inner equal_height=&#8220;yes&#8220; el_id=&#8220;qualites&#8220;][vc_column_inner width=&#8220;5\/12&#8243;][vc_column_text el_class=&#8220;qualite&#8220;]<\/p>\n<h5>Werte, die uns tragen<\/h5>\n<p>Die Qualit\u00e4t der Fr\u00fcchte, die Innovation, die es uns erm\u00f6glicht, sie genau in dem vom Kunden gew\u00fcnschten Reifestadium zu liefern, die Zuverl\u00e4ssigkeit der Lieferkette, der Respekt f\u00fcr die Menschen &#8211; sowohl f\u00fcr unsere Kunden als auch f\u00fcr unsere Mitarbeiter und Lieferanten &#8211; und die soziale Verantwortung durch unsere Solidarit\u00e4t mit den Erzeugerfamilien: Das sind die Werte, die uns jeden Tag leiten.<\/p>\n<p><a class=\"button\" href=\"https:\/\/satori.ch\/notre-philosophie\/#valeurs\">Mehr erfahren<\/a>[\/vc_column_text][vc_column_text el_class=&#8220;qualite&#8220;]<\/p>\n<h5>Exzellente Forschung ohne Grenzen<\/h5>\n<p>Hinter jedem Produkt steht eine Geschichte von Beharrlichkeit, um die besten Ergebnisse zu erzielen. Mit<strong> Pachamama Farms<\/strong> in Peru verf\u00fcgen wir \u00fcber die exklusiven Test-, Produktions- und Vermarktungsrechte f\u00fcr eine Reihe von neuen Mangosorten. Unser Logistikzentrum in den Niederlanden erm\u00f6glicht einen reibungslosen und effizienten Vertrieb in ganz Europa.<\/p>\n<p><a class=\"button\" href=\"https:\/\/satori.ch\/notre-savoir-faire\/#recherche\">Mehr erfahren<\/a>[\/vc_column_text][vc_column_text el_class=&#8220;qualite last&#8220;]<\/p>\n<h5>Ein st\u00e4ndig wachsendes Engagement<\/h5>\n<p>Wir sind <strong>Fair-Trade<\/strong>&#8211; und <strong>Bio-zertifiziert<\/strong>, haben vertrauensvolle Beziehungen zu einem gro\u00dfen Netzwerk von Kleinbauern aufgebaut, um eine zuverl\u00e4ssige Versorgung zu gew\u00e4hrleisten, und engagieren uns f\u00fcr eine sozial, \u00f6kologisch und ethisch verantwortungsvolle Produktion.<br \/>\nUnsere <strong>WISHA<\/strong>-Stiftung entwickelt Projekte, um die Bildung und Gesundheit von Kindern und Jugendlichen in den Produktionsl\u00e4ndern zu verbessern.<\/p>\n<p><a class=\"button\" href=\"https:\/\/satori.ch\/notre-philosophie\/#engagement\">Mehr erfahren<\/a>[\/vc_column_text][\/vc_column_inner][vc_column_inner el_class=&#8220;colonne-milieu&#8220; width=&#8220;2\/12&#8243;][vc_single_image image=&#8220;581&#8243; img_size=&#8220;full&#8220; el_class=&#8220;img-fixed&#8220;][\/vc_column_inner][vc_column_inner width=&#8220;5\/12&#8243;][vc_column_text el_class=&#8220;qualite decalage-top&#8220;]<\/p>\n<h5>Innovation und Entwicklung<\/h5>\n<p>Wir haben ein ausgefeiltes Know-how entwickelt, um Ihnen hochwertiges Obst von einwandfreier Qualit\u00e4t und Frische zu liefern. Das Netzwerk von Erzeugern, mit denen wir enge Beziehungen aufgebaut haben, sorgt daf\u00fcr, dass das ganze Jahr \u00fcber regelm\u00e4\u00dfig Obst angeliefert wird. Unsere Logistikplattform in den Niederlanden ist ideal positioniert f\u00fcr den Vertrieb in ganz Europa.<\/p>\n<p><a class=\"button\" href=\"https:\/\/satori.ch\/notre-savoir-faire\/#logistique\">Mehr erfahren<\/a>[\/vc_column_text][vc_column_text el_class=&#8220;qualite&#8220;]<\/p>\n<h5>Ein Gourmet-Erlebnis auf allen Ebenen<\/h5>\n<p>Ein toller Duft, ein toller Geschmack: Damit exotische Fr\u00fcchte ihr Bestes geben, m\u00fcssen sie reif sein. Hier macht unsere jahrzehntelange Erfahrung den Unterschied. Die Fr\u00fcchte werden zum besten Zeitpunkt geerntet und dann schonend veredelt, damit sie 2 bis 5 Tage nach dem Kauf perfekt reif sind. Satori S.A. ist in der Lage, die Fr\u00fcchte in verschiedenen Reifegraden zu liefern und so die individuellen W\u00fcnsche der verschiedenen Kunden zu erf\u00fcllen.<\/p>\n<p><a class=\"button\" href=\"https:\/\/satori.ch\/notre-savoir-faire\/#experience\">Mehr erfahren<\/a>[\/vc_column_text][\/vc_column_inner][\/vc_row_inner][\/vc_column][\/vc_row][vc_row full_width=&#8220;stretch_row&#8220; css=&#8220;.vc_custom_1697104722970{background-image: url(https:\/\/satori.ch\/wp-content\/uploads\/2023\/07\/banner-home-2-1.jpg?id=73) !important;background-position: center !important;background-repeat: no-repeat !important;background-size: cover !important;}&#8220; el_class=&#8220;banner no-margin-bottom&#8220; el_id=&#8220;banner&#8220;][vc_column][\/vc_column][\/vc_row][vc_row el_class=&#8220;pt-0 pb-0 bg-fruits&#8220;][vc_column][vc_row_inner][vc_column_inner width=&#8220;2\/12&#8243;][\/vc_column_inner][vc_column_inner width=&#8220;8\/12&#8243;]<div class='slider-citation'><div class='carousel-cell'><div><div class='citation'>\u00abDer Mensch im Mittelpunkt des Unternehmens.\u00bb<\/div><div class='auteur'>M\u00e9gane<\/div><\/div><\/div><div class='carousel-cell'><div><div class='citation'>\u00abF\u00fcr mich ist Satori das Streben nach Exzellenz in Geschmack und Qualit\u00e4t der Fr\u00fcchte, mit dem gr\u00f6\u00dften Respekt f\u00fcr die Erzeuger und Kunden.\u00bb<\/div><div class='auteur'>Monica<\/div><\/div><\/div><div class='carousel-cell'><div><div class='citation'>\u00abW\u00e4hlen wir das Beste, w\u00e4hlen wir Satori, Naturkr\u00e4fte in Frische und h\u00f6chster Qualit\u00e4t!\u00bb<\/div><div class='auteur'>Mirela<\/div><\/div><\/div><div class='carousel-cell'><div><div class='citation'>\u00abSatori steht f\u00fcr Kompetenz und Professionalit\u00e4t, aber es ist auch ein Ort, an dem man sich zu Hause f\u00fchlt.\u00bb<\/div><div class='auteur'>Rosanna<\/div><\/div><\/div><div class='carousel-cell'><div><div class='citation'>\u00abSatori, Qualit\u00e4t, die auf Vertrauen trifft.\u00bb<\/div><div class='auteur'>Valon<\/div><\/div><\/div><div class='carousel-cell'><div><div class='citation'>\u00abWir gestalten die Zukunft mit Leidenschaft und Innovation.\u00bb<\/div><div class='auteur'>Aleksandra<\/div><\/div><\/div><div class='carousel-cell'><div><div class='citation'>\u00abDas Streben nach Spitzenleistungen im Geschmack und in der Qualit\u00e4t der Fr\u00fcchte, mit gr\u00f6\u00dftem Respekt vor den Erzeugern und unseren Kunden.\u00bb<\/div><div class='auteur'>Monica<\/div><\/div><\/div><\/div>[\/vc_column_inner][vc_column_inner width=&#8220;2\/12&#8243;][\/vc_column_inner][\/vc_row_inner][\/vc_column][\/vc_row]<\/p>\n<\/div>","protected":false},"excerpt":{"rendered":"<p>[vc_row el_class=&#8220;pt-0&#8243;][vc_column][\/vc_column][\/vc_row][vc_row][vc_column width=&#8220;2\/12&#8243;][\/vc_column][vc_column width=&#8220;8\/12&#8243;][vc_column_text] Die Leidenschaft unserer Produzenten, das Engagement unserer Mitarbeiter, unsere einzigartige Expertise (in der Reifung exotischer Fr\u00fcchte und in der Logistik) und unser Sinn f\u00fcr Planung sind Konstanten, die es uns erm\u00f6glichen, die Bed\u00fcrfnisse unserer Kunden jeden Tag aufs Neue zu erf\u00fcllen und sie mit Obst und Gem\u00fcse von h\u00f6chster Qualit\u00e4t zu [&hellip;]<\/p>\n","protected":false},"author":1,"featured_media":0,"parent":0,"menu_order":0,"comment_status":"closed","ping_status":"closed","template":"","meta":{"inline_featured_image":false,"footnotes":""},"class_list":["post-1017","page","type-page","status-publish","hentry"],"acf":[],"yoast_head":"<!-- This site is optimized with the Yoast SEO plugin v21.9.1 - https:\/\/yoast.com\/wordpress\/plugins\/seo\/ -->\n<title>SATORI &#8226; Kultur f\u00fcr eine bessere Welt<\/title>\n<meta name=\"description\" content=\"Wie unsere Fr\u00fcchte haben wir viele Qualit\u00e4ten. Angefangen bei unseren Werten und unserem Streben nach Spitzenleistungen bis hin zu unserem Engagement.\" \/>\n<meta name=\"robots\" content=\"index, follow, max-snippet:-1, max-image-preview:large, max-video-preview:-1\" \/>\n<link rel=\"canonical\" href=\"https:\/\/satori.ch\/de\/\" \/>\n<meta property=\"og:locale\" content=\"de_DE\" \/>\n<meta property=\"og:type\" content=\"article\" \/>\n<meta property=\"og:title\" content=\"SATORI &#8226; Kultur f\u00fcr eine bessere Welt\" \/>\n<meta property=\"og:description\" content=\"Wie unsere Fr\u00fcchte haben wir viele Qualit\u00e4ten. Angefangen bei unseren Werten und unserem Streben nach Spitzenleistungen bis hin zu unserem Engagement.\" \/>\n<meta property=\"og:url\" content=\"https:\/\/satori.ch\/de\/\" \/>\n<meta property=\"og:site_name\" content=\"SATORI\" \/>\n<meta property=\"article:modified_time\" content=\"2024-02-06T09:53:20+00:00\" \/>\n<meta property=\"og:image\" content=\"https:\/\/satori.ch\/wp-content\/uploads\/2023\/12\/slider-home-1_NEW.jpg\" \/>\n\t<meta property=\"og:image:width\" content=\"2420\" \/>\n\t<meta property=\"og:image:height\" content=\"1290\" \/>\n\t<meta property=\"og:image:type\" content=\"image\/jpeg\" \/>\n<meta name=\"twitter:card\" content=\"summary_large_image\" \/>\n<meta name=\"twitter:label1\" content=\"Gesch\u00e4tzte Lesezeit\" \/>\n\t<meta name=\"twitter:data1\" content=\"3\u00a0Minuten\" \/>\n<script type=\"application\/ld+json\" class=\"yoast-schema-graph\">{\"@context\":\"https:\/\/schema.org\",\"@graph\":[{\"@type\":\"WebPage\",\"@id\":\"https:\/\/satori.ch\/de\/\",\"url\":\"https:\/\/satori.ch\/de\/\",\"name\":\"SATORI &#8226; Kultur f\u00fcr eine bessere Welt\",\"isPartOf\":{\"@id\":\"https:\/\/satori.ch\/de\/#website\"},\"datePublished\":\"2023-07-07T09:25:09+00:00\",\"dateModified\":\"2024-02-06T09:53:20+00:00\",\"description\":\"Wie unsere Fr\u00fcchte haben wir viele Qualit\u00e4ten. Angefangen bei unseren Werten und unserem Streben nach Spitzenleistungen bis hin zu unserem Engagement.\",\"breadcrumb\":{\"@id\":\"https:\/\/satori.ch\/de\/#breadcrumb\"},\"inLanguage\":\"de\",\"potentialAction\":[{\"@type\":\"ReadAction\",\"target\":[\"https:\/\/satori.ch\/de\/\"]}]},{\"@type\":\"BreadcrumbList\",\"@id\":\"https:\/\/satori.ch\/de\/#breadcrumb\",\"itemListElement\":[{\"@type\":\"ListItem\",\"position\":1,\"name\":\"Accueil\",\"item\":\"https:\/\/satori.ch\/de\/\"},{\"@type\":\"ListItem\",\"position\":2,\"name\":\"Startseite\"}]},{\"@type\":\"WebSite\",\"@id\":\"https:\/\/satori.ch\/de\/#website\",\"url\":\"https:\/\/satori.ch\/de\/\",\"name\":\"SATORI\",\"description\":\"La culture d&#039;un monde meilleur\",\"publisher\":{\"@id\":\"https:\/\/satori.ch\/de\/#organization\"},\"potentialAction\":[{\"@type\":\"SearchAction\",\"target\":{\"@type\":\"EntryPoint\",\"urlTemplate\":\"https:\/\/satori.ch\/de\/?s={search_term_string}\"},\"query-input\":\"required name=search_term_string\"}],\"inLanguage\":\"de\"},{\"@type\":\"Organization\",\"@id\":\"https:\/\/satori.ch\/de\/#organization\",\"name\":\"SATORI\",\"url\":\"https:\/\/satori.ch\/de\/\",\"logo\":{\"@type\":\"ImageObject\",\"inLanguage\":\"de\",\"@id\":\"https:\/\/satori.ch\/de\/#\/schema\/logo\/image\/\",\"url\":\"https:\/\/satori.ch\/wp-content\/uploads\/2023\/09\/logo-satori.svg\",\"contentUrl\":\"https:\/\/satori.ch\/wp-content\/uploads\/2023\/09\/logo-satori.svg\",\"width\":\"1024\",\"height\":\"1024\",\"caption\":\"SATORI\"},\"image\":{\"@id\":\"https:\/\/satori.ch\/de\/#\/schema\/logo\/image\/\"}}]}<\/script>\n<!-- \/ Yoast SEO plugin. -->","yoast_head_json":{"title":"SATORI &#8226; Kultur f\u00fcr eine bessere Welt","description":"Wie unsere Fr\u00fcchte haben wir viele Qualit\u00e4ten. Angefangen bei unseren Werten und unserem Streben nach Spitzenleistungen bis hin zu unserem Engagement.","robots":{"index":"index","follow":"follow","max-snippet":"max-snippet:-1","max-image-preview":"max-image-preview:large","max-video-preview":"max-video-preview:-1"},"canonical":"https:\/\/satori.ch\/de\/","og_locale":"de_DE","og_type":"article","og_title":"SATORI &#8226; Kultur f\u00fcr eine bessere Welt","og_description":"Wie unsere Fr\u00fcchte haben wir viele Qualit\u00e4ten. Angefangen bei unseren Werten und unserem Streben nach Spitzenleistungen bis hin zu unserem Engagement.","og_url":"https:\/\/satori.ch\/de\/","og_site_name":"SATORI","article_modified_time":"2024-02-06T09:53:20+00:00","og_image":[{"width":2420,"height":1290,"url":"https:\/\/satori.ch\/wp-content\/uploads\/2023\/12\/slider-home-1_NEW.jpg","type":"image\/jpeg"}],"twitter_card":"summary_large_image","twitter_misc":{"Gesch\u00e4tzte Lesezeit":"3\u00a0Minuten"},"schema":{"@context":"https:\/\/schema.org","@graph":[{"@type":"WebPage","@id":"https:\/\/satori.ch\/de\/","url":"https:\/\/satori.ch\/de\/","name":"SATORI &#8226; Kultur f\u00fcr eine bessere Welt","isPartOf":{"@id":"https:\/\/satori.ch\/de\/#website"},"datePublished":"2023-07-07T09:25:09+00:00","dateModified":"2024-02-06T09:53:20+00:00","description":"Wie unsere Fr\u00fcchte haben wir viele Qualit\u00e4ten. Angefangen bei unseren Werten und unserem Streben nach Spitzenleistungen bis hin zu unserem Engagement.","breadcrumb":{"@id":"https:\/\/satori.ch\/de\/#breadcrumb"},"inLanguage":"de","potentialAction":[{"@type":"ReadAction","target":["https:\/\/satori.ch\/de\/"]}]},{"@type":"BreadcrumbList","@id":"https:\/\/satori.ch\/de\/#breadcrumb","itemListElement":[{"@type":"ListItem","position":1,"name":"Accueil","item":"https:\/\/satori.ch\/de\/"},{"@type":"ListItem","position":2,"name":"Startseite"}]},{"@type":"WebSite","@id":"https:\/\/satori.ch\/de\/#website","url":"https:\/\/satori.ch\/de\/","name":"SATORI","description":"La culture d&#039;un monde meilleur","publisher":{"@id":"https:\/\/satori.ch\/de\/#organization"},"potentialAction":[{"@type":"SearchAction","target":{"@type":"EntryPoint","urlTemplate":"https:\/\/satori.ch\/de\/?s={search_term_string}"},"query-input":"required name=search_term_string"}],"inLanguage":"de"},{"@type":"Organization","@id":"https:\/\/satori.ch\/de\/#organization","name":"SATORI","url":"https:\/\/satori.ch\/de\/","logo":{"@type":"ImageObject","inLanguage":"de","@id":"https:\/\/satori.ch\/de\/#\/schema\/logo\/image\/","url":"https:\/\/satori.ch\/wp-content\/uploads\/2023\/09\/logo-satori.svg","contentUrl":"https:\/\/satori.ch\/wp-content\/uploads\/2023\/09\/logo-satori.svg","width":"1024","height":"1024","caption":"SATORI"},"image":{"@id":"https:\/\/satori.ch\/de\/#\/schema\/logo\/image\/"}}]}},"_links":{"self":[{"href":"https:\/\/satori.ch\/de\/wp-json\/wp\/v2\/pages\/1017","targetHints":{"allow":["GET"]}}],"collection":[{"href":"https:\/\/satori.ch\/de\/wp-json\/wp\/v2\/pages"}],"about":[{"href":"https:\/\/satori.ch\/de\/wp-json\/wp\/v2\/types\/page"}],"author":[{"embeddable":true,"href":"https:\/\/satori.ch\/de\/wp-json\/wp\/v2\/users\/1"}],"replies":[{"embeddable":true,"href":"https:\/\/satori.ch\/de\/wp-json\/wp\/v2\/comments?post=1017"}],"version-history":[{"count":6,"href":"https:\/\/satori.ch\/de\/wp-json\/wp\/v2\/pages\/1017\/revisions"}],"predecessor-version":[{"id":1495,"href":"https:\/\/satori.ch\/de\/wp-json\/wp\/v2\/pages\/1017\/revisions\/1495"}],"wp:attachment":[{"href":"https:\/\/satori.ch\/de\/wp-json\/wp\/v2\/media?parent=1017"}],"curies":[{"name":"wp","href":"https:\/\/api.w.org\/{rel}","templated":true}]}}